{"id":1003,"date":"2025-03-06T15:58:14","date_gmt":"2025-03-06T15:58:14","guid":{"rendered":"https:\/\/letteraturadiviaggio.it\/especiales\/"},"modified":"2026-01-22T13:13:07","modified_gmt":"2026-01-22T13:13:07","slug":"especiales","status":"publish","type":"page","link":"https:\/\/letteraturadiviaggio.it\/es\/especiales\/","title":{"rendered":"Especiales"},"content":{"rendered":"\t\t<div data-elementor-type=\"wp-page\" data-elementor-id=\"1003\" class=\"elementor elementor-1003 elementor-260\" data-elementor-post-type=\"page\">\n\t\t\t\t<div class=\"elementor-element elementor-element-b19719c e-flex e-con-boxed e-con e-parent\" data-id=\"b19719c\" data-element_type=\"container\">\n\t\t\t\t\t<div class=\"e-con-inner\">\n\t\t\t\t<div class=\"elementor-element elementor-element-299a16c elementor-widget__width-initial elementor-widget elementor-widget-heading\" data-id=\"299a16c\" data-element_type=\"widget\" data-widget_type=\"heading.default\">\n\t\t\t\t<div class=\"elementor-widget-container\">\n\t\t\t\t\t<h2 class=\"elementor-heading-title elementor-size-default\">Especiales<\/h2>\t\t\t\t<\/div>\n\t\t\t\t<\/div>\n\t\t\t\t\t<\/div>\n\t\t\t\t<\/div>\n\t\t<div class=\"elementor-element elementor-element-21d80fb e-flex e-con-boxed e-con e-parent\" data-id=\"21d80fb\" data-element_type=\"container\">\n\t\t\t\t\t<div class=\"e-con-inner\">\n\t\t<div class=\"elementor-element elementor-element-e895d63 e-con-full e-flex e-con e-child\" data-id=\"e895d63\" data-element_type=\"container\">\n\t\t\t\t<div class=\"elementor-element elementor-element-9a4e20b elementor-widget elementor-widget-shortcode\" data-id=\"9a4e20b\" data-element_type=\"widget\" data-widget_type=\"shortcode.default\">\n\t\t\t\t<div class=\"elementor-widget-container\">\n\t\t\t\t\t\t\t<div class=\"elementor-shortcode\"><div style=\"position: relative;\"><video id=\"video_69dc38e2b4dea\" class=\"video-js vjs-fluid\" controls preload=\"auto\"><\/video><\/div><\/div>\n\t\t\t\t\t\t<\/div>\n\t\t\t\t<\/div>\n\t\t\t\t<div class=\"elementor-element elementor-element-c4f0968 elementor-widget elementor-widget-text-editor\" data-id=\"c4f0968\" data-element_type=\"widget\" data-widget_type=\"text-editor.default\">\n\t\t\t\t<div class=\"elementor-widget-container\">\n\t\t\t\t\t\t\t\t\t<p>Especial 1er d\u00eda<\/p>\t\t\t\t\t\t\t\t<\/div>\n\t\t\t\t<\/div>\n\t\t\t\t<\/div>\n\t\t<div class=\"elementor-element elementor-element-8cbdc48 e-con-full e-flex e-con e-child\" data-id=\"8cbdc48\" data-element_type=\"container\">\n\t\t\t\t<div class=\"elementor-element elementor-element-cf5f4c8 elementor-widget elementor-widget-shortcode\" data-id=\"cf5f4c8\" data-element_type=\"widget\" data-widget_type=\"shortcode.default\">\n\t\t\t\t<div class=\"elementor-widget-container\">\n\t\t\t\t\t\t\t<div class=\"elementor-shortcode\"><div style=\"position: relative;\"><video id=\"video_69dc38e2b52af\" class=\"video-js vjs-fluid\" controls preload=\"auto\"><\/video><\/div><\/div>\n\t\t\t\t\t\t<\/div>\n\t\t\t\t<\/div>\n\t\t\t\t<div class=\"elementor-element elementor-element-e760665 elementor-widget elementor-widget-text-editor\" data-id=\"e760665\" data-element_type=\"widget\" data-widget_type=\"text-editor.default\">\n\t\t\t\t<div class=\"elementor-widget-container\">\n\t\t\t\t\t\t\t\t\t<p>Especial 2\u00ba d\u00eda<\/p>\t\t\t\t\t\t\t\t<\/div>\n\t\t\t\t<\/div>\n\t\t\t\t<\/div>\n\t\t\t\t\t<\/div>\n\t\t\t\t<\/div>\n\t\t<div class=\"elementor-element elementor-element-4dbef67 e-flex e-con-boxed e-con e-parent\" data-id=\"4dbef67\" data-element_type=\"container\" data-settings=\"{&quot;background_background&quot;:&quot;classic&quot;}\">\n\t\t\t\t\t<div class=\"e-con-inner\">\n\t\t<div class=\"elementor-element elementor-element-6c73b00 e-con-full e-flex e-con e-child\" data-id=\"6c73b00\" data-element_type=\"container\">\n\t\t\t\t<div class=\"elementor-element elementor-element-d79bf1e elementor-widget elementor-widget-shortcode\" data-id=\"d79bf1e\" data-element_type=\"widget\" data-widget_type=\"shortcode.default\">\n\t\t\t\t<div class=\"elementor-widget-container\">\n\t\t\t\t\t\t\t<div class=\"elementor-shortcode\"><div style=\"position: relative;\"><video id=\"video_69dc38e2b5550\" class=\"video-js vjs-fluid\" controls preload=\"auto\"><\/video><\/div><\/div>\n\t\t\t\t\t\t<\/div>\n\t\t\t\t<\/div>\n\t\t\t\t<div class=\"elementor-element elementor-element-b9123c0 elementor-widget elementor-widget-text-editor\" data-id=\"b9123c0\" data-element_type=\"widget\" data-widget_type=\"text-editor.default\">\n\t\t\t\t<div class=\"elementor-widget-container\">\n\t\t\t\t\t\t\t\t\t<p>Especial 3er d\u00eda<\/p>\t\t\t\t\t\t\t\t<\/div>\n\t\t\t\t<\/div>\n\t\t\t\t<\/div>\n\t\t<div class=\"elementor-element elementor-element-30841ab e-con-full e-flex e-con e-child\" data-id=\"30841ab\" data-element_type=\"container\">\n\t\t\t\t<\/div>\n\t\t\t\t\t<\/div>\n\t\t\t\t<\/div>\n\t\t<div class=\"elementor-element elementor-element-4efbadf e-flex e-con-boxed e-con e-parent\" data-id=\"4efbadf\" data-element_type=\"container\">\n\t\t\t\t\t<div class=\"e-con-inner\">\n\t\t\t\t\t<\/div>\n\t\t\t\t<\/div>\n\t\t\t\t<\/div>\n\t\t","protected":false},"excerpt":{"rendered":"<p>Del 28 al 30 de noviembre de 2024, en la Ex Manifattura Tabacchi de Cagliari, vuelve el Festival Internacional de Literatura de Viajes en su octava edici\u00f3n. Un acontecimiento \u00fanico que celebra la fascinaci\u00f3n de la escritura y la lectura vinculadas al tema del viaje declinado en todas sus formas. <\/p>\n","protected":false},"author":1,"featured_media":926,"parent":0,"menu_order":0,"comment_status":"closed","ping_status":"closed","template":"","meta":{"footnotes":""},"class_list":["post-1003","page","type-page","status-publish","has-post-thumbnail","hentry"],"yoast_head":"<!-- This site is optimized with the Yoast SEO plugin v26.7 - https:\/\/yoast.com\/wordpress\/plugins\/seo\/ -->\n<title>Especiales - Festival Internazionale della Letteratura di viaggio<\/title>\n<meta name=\"robots\" content=\"index, follow, max-snippet:-1, max-image-preview:large, max-video-preview:-1\" \/>\n<link rel=\"canonical\" href=\"https:\/\/letteraturadiviaggio.it\/es\/especiales\/\" \/>\n<meta property=\"og:locale\" content=\"es_ES\" \/>\n<meta property=\"og:type\" content=\"article\" \/>\n<meta property=\"og:title\" content=\"Especiales - Festival Internazionale della Letteratura di viaggio\" \/>\n<meta property=\"og:description\" content=\"Del 28 al 30 de noviembre de 2024, en la Ex Manifattura Tabacchi de Cagliari, vuelve el Festival Internacional de Literatura de Viajes en su octava edici\u00f3n. Un acontecimiento \u00fanico que celebra la fascinaci\u00f3n de la escritura y la lectura vinculadas al tema del viaje declinado en todas sus formas.\" \/>\n<meta property=\"og:url\" content=\"https:\/\/letteraturadiviaggio.it\/es\/especiales\/\" \/>\n<meta property=\"og:site_name\" content=\"Festival Internazionale della Letteratura di viaggio\" \/>\n<meta property=\"article:modified_time\" content=\"2026-01-22T13:13:07+00:00\" \/>\n<meta property=\"og:image\" content=\"https:\/\/letteraturadiviaggio.it\/wp-content\/uploads\/2024\/11\/Letteratura-di-viaggio-16.9-1024x576.jpg\" \/>\n<meta name=\"twitter:card\" content=\"summary_large_image\" \/>\n<script type=\"application\/ld+json\" class=\"yoast-schema-graph\">{\"@context\":\"https:\/\/schema.org\",\"@graph\":[{\"@type\":\"WebPage\",\"@id\":\"https:\/\/letteraturadiviaggio.it\/es\/especiales\/\",\"url\":\"https:\/\/letteraturadiviaggio.it\/es\/especiales\/\",\"name\":\"Especiales - Festival Internazionale della Letteratura di viaggio\",\"isPartOf\":{\"@id\":\"https:\/\/letteraturadiviaggio.it\/#website\"},\"primaryImageOfPage\":{\"@id\":\"https:\/\/letteraturadiviaggio.it\/es\/especiales\/#primaryimage\"},\"image\":{\"@id\":\"https:\/\/letteraturadiviaggio.it\/es\/especiales\/#primaryimage\"},\"thumbnailUrl\":\"https:\/\/letteraturadiviaggio.it\/wp-content\/uploads\/2024\/11\/Letteratura-di-viaggio-16.9.jpg\",\"datePublished\":\"2025-03-06T15:58:14+00:00\",\"dateModified\":\"2026-01-22T13:13:07+00:00\",\"breadcrumb\":{\"@id\":\"https:\/\/letteraturadiviaggio.it\/es\/especiales\/#breadcrumb\"},\"inLanguage\":\"es\",\"potentialAction\":[{\"@type\":\"ReadAction\",\"target\":[\"https:\/\/letteraturadiviaggio.it\/es\/especiales\/\"]}]},{\"@type\":\"ImageObject\",\"inLanguage\":\"es\",\"@id\":\"https:\/\/letteraturadiviaggio.it\/es\/especiales\/#primaryimage\",\"url\":\"https:\/\/letteraturadiviaggio.it\/wp-content\/uploads\/2024\/11\/Letteratura-di-viaggio-16.9.jpg\",\"contentUrl\":\"https:\/\/letteraturadiviaggio.it\/wp-content\/uploads\/2024\/11\/Letteratura-di-viaggio-16.9.jpg\",\"width\":1920,\"height\":1080},{\"@type\":\"BreadcrumbList\",\"@id\":\"https:\/\/letteraturadiviaggio.it\/es\/especiales\/#breadcrumb\",\"itemListElement\":[{\"@type\":\"ListItem\",\"position\":1,\"name\":\"Home\",\"item\":\"https:\/\/letteraturadiviaggio.it\/\"},{\"@type\":\"ListItem\",\"position\":2,\"name\":\"Especiales\"}]},{\"@type\":\"WebSite\",\"@id\":\"https:\/\/letteraturadiviaggio.it\/#website\",\"url\":\"https:\/\/letteraturadiviaggio.it\/\",\"name\":\"Festival Internazionale della Letteratura di viaggio\",\"description\":\"\",\"potentialAction\":[{\"@type\":\"SearchAction\",\"target\":{\"@type\":\"EntryPoint\",\"urlTemplate\":\"https:\/\/letteraturadiviaggio.it\/?s={search_term_string}\"},\"query-input\":{\"@type\":\"PropertyValueSpecification\",\"valueRequired\":true,\"valueName\":\"search_term_string\"}}],\"inLanguage\":\"es\"}]}<\/script>\n<!-- \/ Yoast SEO plugin. -->","yoast_head_json":{"title":"Especiales - Festival Internazionale della Letteratura di viaggio","robots":{"index":"index","follow":"follow","max-snippet":"max-snippet:-1","max-image-preview":"max-image-preview:large","max-video-preview":"max-video-preview:-1"},"canonical":"https:\/\/letteraturadiviaggio.it\/es\/especiales\/","og_locale":"es_ES","og_type":"article","og_title":"Especiales - Festival Internazionale della Letteratura di viaggio","og_description":"Del 28 al 30 de noviembre de 2024, en la Ex Manifattura Tabacchi de Cagliari, vuelve el Festival Internacional de Literatura de Viajes en su octava edici\u00f3n. Un acontecimiento \u00fanico que celebra la fascinaci\u00f3n de la escritura y la lectura vinculadas al tema del viaje declinado en todas sus formas.","og_url":"https:\/\/letteraturadiviaggio.it\/es\/especiales\/","og_site_name":"Festival Internazionale della Letteratura di viaggio","article_modified_time":"2026-01-22T13:13:07+00:00","og_image":[{"url":"https:\/\/letteraturadiviaggio.it\/wp-content\/uploads\/2024\/11\/Letteratura-di-viaggio-16.9-1024x576.jpg","type":"","width":"","height":""}],"twitter_card":"summary_large_image","schema":{"@context":"https:\/\/schema.org","@graph":[{"@type":"WebPage","@id":"https:\/\/letteraturadiviaggio.it\/es\/especiales\/","url":"https:\/\/letteraturadiviaggio.it\/es\/especiales\/","name":"Especiales - Festival Internazionale della Letteratura di viaggio","isPartOf":{"@id":"https:\/\/letteraturadiviaggio.it\/#website"},"primaryImageOfPage":{"@id":"https:\/\/letteraturadiviaggio.it\/es\/especiales\/#primaryimage"},"image":{"@id":"https:\/\/letteraturadiviaggio.it\/es\/especiales\/#primaryimage"},"thumbnailUrl":"https:\/\/letteraturadiviaggio.it\/wp-content\/uploads\/2024\/11\/Letteratura-di-viaggio-16.9.jpg","datePublished":"2025-03-06T15:58:14+00:00","dateModified":"2026-01-22T13:13:07+00:00","breadcrumb":{"@id":"https:\/\/letteraturadiviaggio.it\/es\/especiales\/#breadcrumb"},"inLanguage":"es","potentialAction":[{"@type":"ReadAction","target":["https:\/\/letteraturadiviaggio.it\/es\/especiales\/"]}]},{"@type":"ImageObject","inLanguage":"es","@id":"https:\/\/letteraturadiviaggio.it\/es\/especiales\/#primaryimage","url":"https:\/\/letteraturadiviaggio.it\/wp-content\/uploads\/2024\/11\/Letteratura-di-viaggio-16.9.jpg","contentUrl":"https:\/\/letteraturadiviaggio.it\/wp-content\/uploads\/2024\/11\/Letteratura-di-viaggio-16.9.jpg","width":1920,"height":1080},{"@type":"BreadcrumbList","@id":"https:\/\/letteraturadiviaggio.it\/es\/especiales\/#breadcrumb","itemListElement":[{"@type":"ListItem","position":1,"name":"Home","item":"https:\/\/letteraturadiviaggio.it\/"},{"@type":"ListItem","position":2,"name":"Especiales"}]},{"@type":"WebSite","@id":"https:\/\/letteraturadiviaggio.it\/#website","url":"https:\/\/letteraturadiviaggio.it\/","name":"Festival Internazionale della Letteratura di viaggio","description":"","potentialAction":[{"@type":"SearchAction","target":{"@type":"EntryPoint","urlTemplate":"https:\/\/letteraturadiviaggio.it\/?s={search_term_string}"},"query-input":{"@type":"PropertyValueSpecification","valueRequired":true,"valueName":"search_term_string"}}],"inLanguage":"es"}]}},"_links":{"self":[{"href":"https:\/\/letteraturadiviaggio.it\/es\/wp-json\/wp\/v2\/pages\/1003","targetHints":{"allow":["GET"]}}],"collection":[{"href":"https:\/\/letteraturadiviaggio.it\/es\/wp-json\/wp\/v2\/pages"}],"about":[{"href":"https:\/\/letteraturadiviaggio.it\/es\/wp-json\/wp\/v2\/types\/page"}],"author":[{"embeddable":true,"href":"https:\/\/letteraturadiviaggio.it\/es\/wp-json\/wp\/v2\/users\/1"}],"replies":[{"embeddable":true,"href":"https:\/\/letteraturadiviaggio.it\/es\/wp-json\/wp\/v2\/comments?post=1003"}],"version-history":[{"count":1,"href":"https:\/\/letteraturadiviaggio.it\/es\/wp-json\/wp\/v2\/pages\/1003\/revisions"}],"predecessor-version":[{"id":1005,"href":"https:\/\/letteraturadiviaggio.it\/es\/wp-json\/wp\/v2\/pages\/1003\/revisions\/1005"}],"wp:featuredmedia":[{"embeddable":true,"href":"https:\/\/letteraturadiviaggio.it\/es\/wp-json\/wp\/v2\/media\/926"}],"wp:attachment":[{"href":"https:\/\/letteraturadiviaggio.it\/es\/wp-json\/wp\/v2\/media?parent=1003"}],"curies":[{"name":"wp","href":"https:\/\/api.w.org\/{rel}","templated":true}]}}