{"id":1014,"date":"2025-03-05T10:41:38","date_gmt":"2025-03-05T10:41:38","guid":{"rendered":"https:\/\/letteraturadiviaggio.it\/contactos\/"},"modified":"2026-01-22T13:13:07","modified_gmt":"2026-01-22T13:13:07","slug":"contactos","status":"publish","type":"page","link":"https:\/\/letteraturadiviaggio.it\/es\/contactos\/","title":{"rendered":"Contactos"},"content":{"rendered":"\t\t<div data-elementor-type=\"wp-page\" data-elementor-id=\"1014\" class=\"elementor elementor-1014 elementor-216\" data-elementor-post-type=\"page\">\n\t\t\t\t<div class=\"elementor-element elementor-element-b19719c e-flex e-con-boxed e-con e-parent\" data-id=\"b19719c\" data-element_type=\"container\">\n\t\t\t\t\t<div class=\"e-con-inner\">\n\t\t\t\t<div class=\"elementor-element elementor-element-299a16c elementor-widget__width-initial elementor-widget elementor-widget-heading\" data-id=\"299a16c\" data-element_type=\"widget\" data-widget_type=\"heading.default\">\n\t\t\t\t<div class=\"elementor-widget-container\">\n\t\t\t\t\t<h2 class=\"elementor-heading-title elementor-size-default\">INTERVENCIONES<\/h2>\t\t\t\t<\/div>\n\t\t\t\t<\/div>\n\t\t\t\t\t<\/div>\n\t\t\t\t<\/div>\n\t\t<div class=\"elementor-element elementor-element-21d80fb e-flex e-con-boxed e-con e-parent\" data-id=\"21d80fb\" data-element_type=\"container\">\n\t\t\t\t\t<div class=\"e-con-inner\">\n\t\t<div class=\"elementor-element elementor-element-e895d63 e-con-full e-flex e-con e-child\" data-id=\"e895d63\" data-element_type=\"container\">\n\t\t\t\t<div class=\"elementor-element elementor-element-9a4e20b elementor-widget elementor-widget-shortcode\" data-id=\"9a4e20b\" data-element_type=\"widget\" data-widget_type=\"shortcode.default\">\n\t\t\t\t<div class=\"elementor-widget-container\">\n\t\t\t\t\t\t\t<div class=\"elementor-shortcode\"><div style=\"position: relative;\"><video id=\"video_69dc38fc2d904\" class=\"video-js vjs-fluid\" controls preload=\"auto\"><\/video><\/div><\/div>\n\t\t\t\t\t\t<\/div>\n\t\t\t\t<\/div>\n\t\t\t\t<div class=\"elementor-element elementor-element-c4f0968 elementor-widget elementor-widget-text-editor\" data-id=\"c4f0968\" data-element_type=\"widget\" data-widget_type=\"text-editor.default\">\n\t\t\t\t<div class=\"elementor-widget-container\">\n\t\t\t\t\t\t\t\t\t<p>Alessandro Di Battista \u00abScomode verit\u00e0\u00bb &#8211; di\u00e1logo con Raimondo Schiavone y Virginia Saba<\/p>\t\t\t\t\t\t\t\t<\/div>\n\t\t\t\t<\/div>\n\t\t\t\t<\/div>\n\t\t<div class=\"elementor-element elementor-element-8cbdc48 e-con-full e-flex e-con e-child\" data-id=\"8cbdc48\" data-element_type=\"container\">\n\t\t\t\t<div class=\"elementor-element elementor-element-cf5f4c8 elementor-widget elementor-widget-shortcode\" data-id=\"cf5f4c8\" data-element_type=\"widget\" data-widget_type=\"shortcode.default\">\n\t\t\t\t<div class=\"elementor-widget-container\">\n\t\t\t\t\t\t\t<div class=\"elementor-shortcode\"><div style=\"position: relative;\"><video id=\"video_69dc38fc2dedd\" class=\"video-js vjs-fluid\" controls preload=\"auto\"><\/video><\/div><\/div>\n\t\t\t\t\t\t<\/div>\n\t\t\t\t<\/div>\n\t\t\t\t<div class=\"elementor-element elementor-element-e760665 elementor-widget elementor-widget-text-editor\" data-id=\"e760665\" data-element_type=\"widget\" data-widget_type=\"text-editor.default\">\n\t\t\t\t<div class=\"elementor-widget-container\">\n\t\t\t\t\t\t\t\t\tArte y t\u00e9cnica entre la IA y la cu\u00e1ntica: un di\u00e1logo entre Marco Ferrante y Giacomo Cao\t\t\t\t\t\t\t\t<\/div>\n\t\t\t\t<\/div>\n\t\t\t\t<\/div>\n\t\t\t\t\t<\/div>\n\t\t\t\t<\/div>\n\t\t<div class=\"elementor-element elementor-element-4dbef67 e-flex e-con-boxed e-con e-parent\" data-id=\"4dbef67\" data-element_type=\"container\" data-settings=\"{&quot;background_background&quot;:&quot;classic&quot;}\">\n\t\t\t\t\t<div class=\"e-con-inner\">\n\t\t<div class=\"elementor-element elementor-element-6c73b00 e-con-full e-flex e-con e-child\" data-id=\"6c73b00\" data-element_type=\"container\">\n\t\t\t\t<div class=\"elementor-element elementor-element-d79bf1e elementor-widget elementor-widget-shortcode\" data-id=\"d79bf1e\" data-element_type=\"widget\" data-widget_type=\"shortcode.default\">\n\t\t\t\t<div class=\"elementor-widget-container\">\n\t\t\t\t\t\t\t<div class=\"elementor-shortcode\"><div style=\"position: relative;\"><video id=\"video_69dc38fc2e24e\" class=\"video-js vjs-fluid\" controls preload=\"auto\"><\/video><\/div><\/div>\n\t\t\t\t\t\t<\/div>\n\t\t\t\t<\/div>\n\t\t\t\t<div class=\"elementor-element elementor-element-b9123c0 elementor-widget elementor-widget-text-editor\" data-id=\"b9123c0\" data-element_type=\"widget\" data-widget_type=\"text-editor.default\">\n\t\t\t\t<div class=\"elementor-widget-container\">\n\t\t\t\t\t\t\t\t\tLa era de la edici\u00f3n digital con Luigi Contu, Virginia Saba y Raimondo Schiavone\t\t\t\t\t\t\t\t<\/div>\n\t\t\t\t<\/div>\n\t\t\t\t<\/div>\n\t\t<div class=\"elementor-element elementor-element-30841ab e-con-full e-flex e-con e-child\" data-id=\"30841ab\" data-element_type=\"container\">\n\t\t\t\t<div class=\"elementor-element elementor-element-c9623e8 elementor-widget elementor-widget-shortcode\" data-id=\"c9623e8\" data-element_type=\"widget\" data-widget_type=\"shortcode.default\">\n\t\t\t\t<div class=\"elementor-widget-container\">\n\t\t\t\t\t\t\t<div class=\"elementor-shortcode\"><div style=\"position: relative;\"><video id=\"video_69dc38fc2e5af\" class=\"video-js vjs-fluid\" controls preload=\"auto\"><\/video><\/div><\/div>\n\t\t\t\t\t\t<\/div>\n\t\t\t\t<\/div>\n\t\t\t\t<div class=\"elementor-element elementor-element-9f3c1cc elementor-widget elementor-widget-text-editor\" data-id=\"9f3c1cc\" data-element_type=\"widget\" data-widget_type=\"text-editor.default\">\n\t\t\t\t<div class=\"elementor-widget-container\">\n\t\t\t\t\t\t\t\t\tLiteratura, escritura y viajes con Edgardo Scott y Marco Ferrante\t\t\t\t\t\t\t\t<\/div>\n\t\t\t\t<\/div>\n\t\t\t\t<\/div>\n\t\t\t\t\t<\/div>\n\t\t\t\t<\/div>\n\t\t<div class=\"elementor-element elementor-element-d2aaefb e-flex e-con-boxed e-con e-parent\" data-id=\"d2aaefb\" data-element_type=\"container\">\n\t\t\t\t\t<div class=\"e-con-inner\">\n\t\t<div class=\"elementor-element elementor-element-5fc1fb7 e-con-full e-flex e-con e-child\" data-id=\"5fc1fb7\" data-element_type=\"container\">\n\t\t\t\t<div class=\"elementor-element elementor-element-5df12b1 elementor-widget elementor-widget-shortcode\" data-id=\"5df12b1\" data-element_type=\"widget\" data-widget_type=\"shortcode.default\">\n\t\t\t\t<div class=\"elementor-widget-container\">\n\t\t\t\t\t\t\t<div class=\"elementor-shortcode\"><div style=\"position: relative;\"><video id=\"video_69dc38fc2e8fd\" class=\"video-js vjs-fluid\" controls preload=\"auto\"><\/video><\/div><\/div>\n\t\t\t\t\t\t<\/div>\n\t\t\t\t<\/div>\n\t\t\t\t<div class=\"elementor-element elementor-element-00c4e4b elementor-widget elementor-widget-text-editor\" data-id=\"00c4e4b\" data-element_type=\"widget\" data-widget_type=\"text-editor.default\">\n\t\t\t\t<div class=\"elementor-widget-container\">\n\t\t\t\t\t\t\t\t\tPresentaci\u00f3n de \u00abSettembre nero\u00bb de Sandro Veronesi\t\t\t\t\t\t\t\t<\/div>\n\t\t\t\t<\/div>\n\t\t\t\t<\/div>\n\t\t<div class=\"elementor-element elementor-element-79e1324 e-con-full e-flex e-con e-child\" data-id=\"79e1324\" data-element_type=\"container\">\n\t\t\t\t<div class=\"elementor-element elementor-element-cd35d56 elementor-widget elementor-widget-shortcode\" data-id=\"cd35d56\" data-element_type=\"widget\" data-widget_type=\"shortcode.default\">\n\t\t\t\t<div class=\"elementor-widget-container\">\n\t\t\t\t\t\t\t<div class=\"elementor-shortcode\"><div style=\"position: relative;\"><video id=\"video_69dc38fc2ec5d\" class=\"video-js vjs-fluid\" controls preload=\"auto\"><\/video><\/div><\/div>\n\t\t\t\t\t\t<\/div>\n\t\t\t\t<\/div>\n\t\t\t\t<div class=\"elementor-element elementor-element-7ea0359 elementor-widget elementor-widget-text-editor\" data-id=\"7ea0359\" data-element_type=\"widget\" data-widget_type=\"text-editor.default\">\n\t\t\t\t<div class=\"elementor-widget-container\">\n\t\t\t\t\t\t\t\t\tRepresentaci\u00f3n teatral \u00abErano gli anni\u00bb de Daniele Congiu\t\t\t\t\t\t\t\t<\/div>\n\t\t\t\t<\/div>\n\t\t\t\t<\/div>\n\t\t\t\t\t<\/div>\n\t\t\t\t<\/div>\n\t\t<div class=\"elementor-element elementor-element-4c2a89b e-flex e-con-boxed e-con e-parent\" data-id=\"4c2a89b\" data-element_type=\"container\" data-settings=\"{&quot;background_background&quot;:&quot;classic&quot;}\">\n\t\t\t\t\t<div class=\"e-con-inner\">\n\t\t<div class=\"elementor-element elementor-element-54a1cc1 e-con-full e-flex e-con e-child\" data-id=\"54a1cc1\" data-element_type=\"container\">\n\t\t\t\t<div class=\"elementor-element elementor-element-5e65c48 elementor-widget elementor-widget-shortcode\" data-id=\"5e65c48\" data-element_type=\"widget\" data-widget_type=\"shortcode.default\">\n\t\t\t\t<div class=\"elementor-widget-container\">\n\t\t\t\t\t\t\t<div class=\"elementor-shortcode\"><div style=\"position: relative;\"><video id=\"video_69dc38fc2efca\" class=\"video-js vjs-fluid\" controls preload=\"auto\"><\/video><\/div><\/div>\n\t\t\t\t\t\t<\/div>\n\t\t\t\t<\/div>\n\t\t\t\t<div class=\"elementor-element elementor-element-d0a729b elementor-widget elementor-widget-text-editor\" data-id=\"d0a729b\" data-element_type=\"widget\" data-widget_type=\"text-editor.default\">\n\t\t\t\t<div class=\"elementor-widget-container\">\n\t\t\t\t\t\t\t\t\tPaolo Ciampi presenta \u00abEl padre de Pinocho\t\t\t\t\t\t\t\t<\/div>\n\t\t\t\t<\/div>\n\t\t\t\t<\/div>\n\t\t<div class=\"elementor-element elementor-element-3f677d6 e-con-full e-flex e-con e-child\" data-id=\"3f677d6\" data-element_type=\"container\">\n\t\t\t\t<div class=\"elementor-element elementor-element-00cbf1d elementor-widget elementor-widget-shortcode\" data-id=\"00cbf1d\" data-element_type=\"widget\" data-widget_type=\"shortcode.default\">\n\t\t\t\t<div class=\"elementor-widget-container\">\n\t\t\t\t\t\t\t<div class=\"elementor-shortcode\"><div style=\"position: relative;\"><video id=\"video_69dc38fc2f312\" class=\"video-js vjs-fluid\" controls preload=\"auto\"><\/video><\/div><\/div>\n\t\t\t\t\t\t<\/div>\n\t\t\t\t<\/div>\n\t\t\t\t<div class=\"elementor-element elementor-element-0789327 elementor-widget elementor-widget-text-editor\" data-id=\"0789327\" data-element_type=\"widget\" data-widget_type=\"text-editor.default\">\n\t\t\t\t<div class=\"elementor-widget-container\">\n\t\t\t\t\t\t\t\t\tDel Mare Fuori al Forse un altro, con Michele Zatta y Vincenzo Ferrera\t\t\t\t\t\t\t\t<\/div>\n\t\t\t\t<\/div>\n\t\t\t\t<\/div>\n\t\t\t\t\t<\/div>\n\t\t\t\t<\/div>\n\t\t<div class=\"elementor-element elementor-element-e352ec6 e-flex e-con-boxed e-con e-parent\" data-id=\"e352ec6\" data-element_type=\"container\">\n\t\t\t\t\t<div class=\"e-con-inner\">\n\t\t<div class=\"elementor-element elementor-element-2703833 e-con-full e-flex e-con e-child\" data-id=\"2703833\" data-element_type=\"container\">\n\t\t\t\t<div class=\"elementor-element elementor-element-73f0d56 elementor-widget elementor-widget-shortcode\" data-id=\"73f0d56\" data-element_type=\"widget\" data-widget_type=\"shortcode.default\">\n\t\t\t\t<div class=\"elementor-widget-container\">\n\t\t\t\t\t\t\t<div class=\"elementor-shortcode\"><div style=\"position: relative;\"><video id=\"video_69dc38fc2f656\" class=\"video-js vjs-fluid\" controls preload=\"auto\"><\/video><\/div><\/div>\n\t\t\t\t\t\t<\/div>\n\t\t\t\t<\/div>\n\t\t\t\t<div class=\"elementor-element elementor-element-8c55cdb elementor-widget elementor-widget-text-editor\" data-id=\"8c55cdb\" data-element_type=\"widget\" data-widget_type=\"text-editor.default\">\n\t\t\t\t<div class=\"elementor-widget-container\">\n\t\t\t\t\t\t\t\t\tFrancesca Fagnani \u00abViaje entre las bestias\u00bb, en di\u00e1logo con Virginia Saba\t\t\t\t\t\t\t\t<\/div>\n\t\t\t\t<\/div>\n\t\t\t\t<\/div>\n\t\t<div class=\"elementor-element elementor-element-8f433ce e-con-full e-flex e-con e-child\" data-id=\"8f433ce\" data-element_type=\"container\">\n\t\t\t\t<div class=\"elementor-element elementor-element-9537832 elementor-widget elementor-widget-shortcode\" data-id=\"9537832\" data-element_type=\"widget\" data-widget_type=\"shortcode.default\">\n\t\t\t\t<div class=\"elementor-widget-container\">\n\t\t\t\t\t\t\t<div class=\"elementor-shortcode\"><div style=\"position: relative;\"><video id=\"video_69dc38fc2f99b\" class=\"video-js vjs-fluid\" controls preload=\"auto\"><\/video><\/div><\/div>\n\t\t\t\t\t\t<\/div>\n\t\t\t\t<\/div>\n\t\t\t\t<div class=\"elementor-element elementor-element-1fa15e0 elementor-widget elementor-widget-text-editor\" data-id=\"1fa15e0\" data-element_type=\"widget\" data-widget_type=\"text-editor.default\">\n\t\t\t\t<div class=\"elementor-widget-container\">\n\t\t\t\t\t\t\t\t\tElena Rui y Romina Casagrande dialogan con Ang\u00e9lica Grivel Serra\t\t\t\t\t\t\t\t<\/div>\n\t\t\t\t<\/div>\n\t\t\t\t<\/div>\n\t\t\t\t\t<\/div>\n\t\t\t\t<\/div>\n\t\t<div class=\"elementor-element elementor-element-dd56764 e-flex e-con-boxed e-con e-parent\" data-id=\"dd56764\" data-element_type=\"container\" data-settings=\"{&quot;background_background&quot;:&quot;classic&quot;}\">\n\t\t\t\t\t<div class=\"e-con-inner\">\n\t\t<div class=\"elementor-element elementor-element-f9fa5e6 e-con-full e-flex e-con e-child\" data-id=\"f9fa5e6\" data-element_type=\"container\">\n\t\t\t\t<div class=\"elementor-element elementor-element-aaaf651 elementor-widget elementor-widget-shortcode\" data-id=\"aaaf651\" data-element_type=\"widget\" data-widget_type=\"shortcode.default\">\n\t\t\t\t<div class=\"elementor-widget-container\">\n\t\t\t\t\t\t\t<div class=\"elementor-shortcode\"><div style=\"position: relative;\"><video id=\"video_69dc38fc2fcde\" class=\"video-js vjs-fluid\" controls preload=\"auto\"><\/video><\/div><\/div>\n\t\t\t\t\t\t<\/div>\n\t\t\t\t<\/div>\n\t\t\t\t<div class=\"elementor-element elementor-element-6abfd27 elementor-widget elementor-widget-text-editor\" data-id=\"6abfd27\" data-element_type=\"widget\" data-widget_type=\"text-editor.default\">\n\t\t\t\t<div class=\"elementor-widget-container\">\n\t\t\t\t\t\t\t\t\tVeronica Gentili habla con Virginia Saba\t\t\t\t\t\t\t\t<\/div>\n\t\t\t\t<\/div>\n\t\t\t\t<\/div>\n\t\t<div class=\"elementor-element elementor-element-124aeda e-con-full e-flex e-con e-child\" data-id=\"124aeda\" data-element_type=\"container\">\n\t\t\t\t<div class=\"elementor-element elementor-element-77db8e1 elementor-widget elementor-widget-shortcode\" data-id=\"77db8e1\" data-element_type=\"widget\" data-widget_type=\"shortcode.default\">\n\t\t\t\t<div class=\"elementor-widget-container\">\n\t\t\t\t\t\t\t<div class=\"elementor-shortcode\"><div style=\"position: relative;\"><video id=\"video_69dc38fc3001e\" class=\"video-js vjs-fluid\" controls preload=\"auto\"><\/video><\/div><\/div>\n\t\t\t\t\t\t<\/div>\n\t\t\t\t<\/div>\n\t\t\t\t<div class=\"elementor-element elementor-element-720e0c2 elementor-widget elementor-widget-text-editor\" data-id=\"720e0c2\" data-element_type=\"widget\" data-widget_type=\"text-editor.default\">\n\t\t\t\t<div class=\"elementor-widget-container\">\n\t\t\t\t\t\t\t\t\tDiego De Silva habla con Silvia Grassi\t\t\t\t\t\t\t\t<\/div>\n\t\t\t\t<\/div>\n\t\t\t\t<\/div>\n\t\t\t\t\t<\/div>\n\t\t\t\t<\/div>\n\t\t<div class=\"elementor-element elementor-element-6cfcda4 e-flex e-con-boxed e-con e-parent\" data-id=\"6cfcda4\" data-element_type=\"container\">\n\t\t\t\t\t<div class=\"e-con-inner\">\n\t\t<div class=\"elementor-element elementor-element-fd09337 e-con-full e-flex e-con e-child\" data-id=\"fd09337\" data-element_type=\"container\">\n\t\t\t\t<div class=\"elementor-element elementor-element-0f21ef3 elementor-widget elementor-widget-shortcode\" data-id=\"0f21ef3\" data-element_type=\"widget\" data-widget_type=\"shortcode.default\">\n\t\t\t\t<div class=\"elementor-widget-container\">\n\t\t\t\t\t\t\t<div class=\"elementor-shortcode\"><div style=\"position: relative;\"><video id=\"video_69dc38fc3035d\" class=\"video-js vjs-fluid\" controls preload=\"auto\"><\/video><\/div><\/div>\n\t\t\t\t\t\t<\/div>\n\t\t\t\t<\/div>\n\t\t\t\t<div class=\"elementor-element elementor-element-28be7bb elementor-widget elementor-widget-text-editor\" data-id=\"28be7bb\" data-element_type=\"widget\" data-widget_type=\"text-editor.default\">\n\t\t\t\t<div class=\"elementor-widget-container\">\n\t\t\t\t\t\t\t\t\tAntonella Lattanzi presenta \u00abCose che non si raccontano\u00bb (Cosas que no se cuentan)\t\t\t\t\t\t\t\t<\/div>\n\t\t\t\t<\/div>\n\t\t\t\t<\/div>\n\t\t<div class=\"elementor-element elementor-element-8271cb4 e-con-full e-flex e-con e-child\" data-id=\"8271cb4\" data-element_type=\"container\">\n\t\t\t\t<\/div>\n\t\t\t\t\t<\/div>\n\t\t\t\t<\/div>\n\t\t<div class=\"elementor-element elementor-element-4efbadf e-flex e-con-boxed e-con e-parent\" data-id=\"4efbadf\" data-element_type=\"container\">\n\t\t\t\t\t<div class=\"e-con-inner\">\n\t\t\t\t\t<\/div>\n\t\t\t\t<\/div>\n\t\t\t\t<\/div>\n\t\t","protected":false},"excerpt":{"rendered":"<p>Del 28 al 30 de noviembre de 2024, en la Ex Manifattura Tabacchi de Cagliari, vuelve el Festival Internacional de Literatura de Viajes en su octava edici\u00f3n. Un acontecimiento \u00fanico que celebra la fascinaci\u00f3n de la escritura y la lectura vinculadas al tema del viaje declinado en todas sus formas. <\/p>\n","protected":false},"author":1,"featured_media":926,"parent":0,"menu_order":0,"comment_status":"closed","ping_status":"closed","template":"","meta":{"footnotes":""},"class_list":["post-1014","page","type-page","status-publish","has-post-thumbnail","hentry"],"yoast_head":"<!-- This site is optimized with the Yoast SEO plugin v26.7 - https:\/\/yoast.com\/wordpress\/plugins\/seo\/ -->\n<title>Contactos - Festival Internazionale della Letteratura di viaggio<\/title>\n<meta name=\"robots\" content=\"index, follow, max-snippet:-1, max-image-preview:large, max-video-preview:-1\" \/>\n<link rel=\"canonical\" href=\"https:\/\/letteraturadiviaggio.it\/es\/contactos\/\" \/>\n<meta property=\"og:locale\" content=\"es_ES\" \/>\n<meta property=\"og:type\" content=\"article\" \/>\n<meta property=\"og:title\" content=\"Contactos - Festival Internazionale della Letteratura di viaggio\" \/>\n<meta property=\"og:description\" content=\"Del 28 al 30 de noviembre de 2024, en la Ex Manifattura Tabacchi de Cagliari, vuelve el Festival Internacional de Literatura de Viajes en su octava edici\u00f3n. Un acontecimiento \u00fanico que celebra la fascinaci\u00f3n de la escritura y la lectura vinculadas al tema del viaje declinado en todas sus formas.\" \/>\n<meta property=\"og:url\" content=\"https:\/\/letteraturadiviaggio.it\/es\/contactos\/\" \/>\n<meta property=\"og:site_name\" content=\"Festival Internazionale della Letteratura di viaggio\" \/>\n<meta property=\"article:modified_time\" content=\"2026-01-22T13:13:07+00:00\" \/>\n<meta property=\"og:image\" content=\"https:\/\/letteraturadiviaggio.it\/wp-content\/uploads\/2024\/11\/Letteratura-di-viaggio-16.9-1024x576.jpg\" \/>\n<meta name=\"twitter:card\" content=\"summary_large_image\" \/>\n<meta name=\"twitter:label1\" content=\"Tiempo de lectura\" \/>\n\t<meta name=\"twitter:data1\" content=\"2 minutos\" \/>\n<script type=\"application\/ld+json\" class=\"yoast-schema-graph\">{\"@context\":\"https:\/\/schema.org\",\"@graph\":[{\"@type\":\"WebPage\",\"@id\":\"https:\/\/letteraturadiviaggio.it\/es\/contactos\/\",\"url\":\"https:\/\/letteraturadiviaggio.it\/es\/contactos\/\",\"name\":\"Contactos - Festival Internazionale della Letteratura di viaggio\",\"isPartOf\":{\"@id\":\"https:\/\/letteraturadiviaggio.it\/#website\"},\"primaryImageOfPage\":{\"@id\":\"https:\/\/letteraturadiviaggio.it\/es\/contactos\/#primaryimage\"},\"image\":{\"@id\":\"https:\/\/letteraturadiviaggio.it\/es\/contactos\/#primaryimage\"},\"thumbnailUrl\":\"https:\/\/letteraturadiviaggio.it\/wp-content\/uploads\/2024\/11\/Letteratura-di-viaggio-16.9.jpg\",\"datePublished\":\"2025-03-05T10:41:38+00:00\",\"dateModified\":\"2026-01-22T13:13:07+00:00\",\"breadcrumb\":{\"@id\":\"https:\/\/letteraturadiviaggio.it\/es\/contactos\/#breadcrumb\"},\"inLanguage\":\"es\",\"potentialAction\":[{\"@type\":\"ReadAction\",\"target\":[\"https:\/\/letteraturadiviaggio.it\/es\/contactos\/\"]}]},{\"@type\":\"ImageObject\",\"inLanguage\":\"es\",\"@id\":\"https:\/\/letteraturadiviaggio.it\/es\/contactos\/#primaryimage\",\"url\":\"https:\/\/letteraturadiviaggio.it\/wp-content\/uploads\/2024\/11\/Letteratura-di-viaggio-16.9.jpg\",\"contentUrl\":\"https:\/\/letteraturadiviaggio.it\/wp-content\/uploads\/2024\/11\/Letteratura-di-viaggio-16.9.jpg\",\"width\":1920,\"height\":1080},{\"@type\":\"BreadcrumbList\",\"@id\":\"https:\/\/letteraturadiviaggio.it\/es\/contactos\/#breadcrumb\",\"itemListElement\":[{\"@type\":\"ListItem\",\"position\":1,\"name\":\"Home\",\"item\":\"https:\/\/letteraturadiviaggio.it\/\"},{\"@type\":\"ListItem\",\"position\":2,\"name\":\"Contactos\"}]},{\"@type\":\"WebSite\",\"@id\":\"https:\/\/letteraturadiviaggio.it\/#website\",\"url\":\"https:\/\/letteraturadiviaggio.it\/\",\"name\":\"Festival Internazionale della Letteratura di viaggio\",\"description\":\"\",\"potentialAction\":[{\"@type\":\"SearchAction\",\"target\":{\"@type\":\"EntryPoint\",\"urlTemplate\":\"https:\/\/letteraturadiviaggio.it\/?s={search_term_string}\"},\"query-input\":{\"@type\":\"PropertyValueSpecification\",\"valueRequired\":true,\"valueName\":\"search_term_string\"}}],\"inLanguage\":\"es\"}]}<\/script>\n<!-- \/ Yoast SEO plugin. -->","yoast_head_json":{"title":"Contactos - Festival Internazionale della Letteratura di viaggio","robots":{"index":"index","follow":"follow","max-snippet":"max-snippet:-1","max-image-preview":"max-image-preview:large","max-video-preview":"max-video-preview:-1"},"canonical":"https:\/\/letteraturadiviaggio.it\/es\/contactos\/","og_locale":"es_ES","og_type":"article","og_title":"Contactos - Festival Internazionale della Letteratura di viaggio","og_description":"Del 28 al 30 de noviembre de 2024, en la Ex Manifattura Tabacchi de Cagliari, vuelve el Festival Internacional de Literatura de Viajes en su octava edici\u00f3n. Un acontecimiento \u00fanico que celebra la fascinaci\u00f3n de la escritura y la lectura vinculadas al tema del viaje declinado en todas sus formas.","og_url":"https:\/\/letteraturadiviaggio.it\/es\/contactos\/","og_site_name":"Festival Internazionale della Letteratura di viaggio","article_modified_time":"2026-01-22T13:13:07+00:00","og_image":[{"url":"https:\/\/letteraturadiviaggio.it\/wp-content\/uploads\/2024\/11\/Letteratura-di-viaggio-16.9-1024x576.jpg","type":"","width":"","height":""}],"twitter_card":"summary_large_image","twitter_misc":{"Tiempo de lectura":"2 minutos"},"schema":{"@context":"https:\/\/schema.org","@graph":[{"@type":"WebPage","@id":"https:\/\/letteraturadiviaggio.it\/es\/contactos\/","url":"https:\/\/letteraturadiviaggio.it\/es\/contactos\/","name":"Contactos - Festival Internazionale della Letteratura di viaggio","isPartOf":{"@id":"https:\/\/letteraturadiviaggio.it\/#website"},"primaryImageOfPage":{"@id":"https:\/\/letteraturadiviaggio.it\/es\/contactos\/#primaryimage"},"image":{"@id":"https:\/\/letteraturadiviaggio.it\/es\/contactos\/#primaryimage"},"thumbnailUrl":"https:\/\/letteraturadiviaggio.it\/wp-content\/uploads\/2024\/11\/Letteratura-di-viaggio-16.9.jpg","datePublished":"2025-03-05T10:41:38+00:00","dateModified":"2026-01-22T13:13:07+00:00","breadcrumb":{"@id":"https:\/\/letteraturadiviaggio.it\/es\/contactos\/#breadcrumb"},"inLanguage":"es","potentialAction":[{"@type":"ReadAction","target":["https:\/\/letteraturadiviaggio.it\/es\/contactos\/"]}]},{"@type":"ImageObject","inLanguage":"es","@id":"https:\/\/letteraturadiviaggio.it\/es\/contactos\/#primaryimage","url":"https:\/\/letteraturadiviaggio.it\/wp-content\/uploads\/2024\/11\/Letteratura-di-viaggio-16.9.jpg","contentUrl":"https:\/\/letteraturadiviaggio.it\/wp-content\/uploads\/2024\/11\/Letteratura-di-viaggio-16.9.jpg","width":1920,"height":1080},{"@type":"BreadcrumbList","@id":"https:\/\/letteraturadiviaggio.it\/es\/contactos\/#breadcrumb","itemListElement":[{"@type":"ListItem","position":1,"name":"Home","item":"https:\/\/letteraturadiviaggio.it\/"},{"@type":"ListItem","position":2,"name":"Contactos"}]},{"@type":"WebSite","@id":"https:\/\/letteraturadiviaggio.it\/#website","url":"https:\/\/letteraturadiviaggio.it\/","name":"Festival Internazionale della Letteratura di viaggio","description":"","potentialAction":[{"@type":"SearchAction","target":{"@type":"EntryPoint","urlTemplate":"https:\/\/letteraturadiviaggio.it\/?s={search_term_string}"},"query-input":{"@type":"PropertyValueSpecification","valueRequired":true,"valueName":"search_term_string"}}],"inLanguage":"es"}]}},"_links":{"self":[{"href":"https:\/\/letteraturadiviaggio.it\/es\/wp-json\/wp\/v2\/pages\/1014","targetHints":{"allow":["GET"]}}],"collection":[{"href":"https:\/\/letteraturadiviaggio.it\/es\/wp-json\/wp\/v2\/pages"}],"about":[{"href":"https:\/\/letteraturadiviaggio.it\/es\/wp-json\/wp\/v2\/types\/page"}],"author":[{"embeddable":true,"href":"https:\/\/letteraturadiviaggio.it\/es\/wp-json\/wp\/v2\/users\/1"}],"replies":[{"embeddable":true,"href":"https:\/\/letteraturadiviaggio.it\/es\/wp-json\/wp\/v2\/comments?post=1014"}],"version-history":[{"count":1,"href":"https:\/\/letteraturadiviaggio.it\/es\/wp-json\/wp\/v2\/pages\/1014\/revisions"}],"predecessor-version":[{"id":1017,"href":"https:\/\/letteraturadiviaggio.it\/es\/wp-json\/wp\/v2\/pages\/1014\/revisions\/1017"}],"wp:featuredmedia":[{"embeddable":true,"href":"https:\/\/letteraturadiviaggio.it\/es\/wp-json\/wp\/v2\/media\/926"}],"wp:attachment":[{"href":"https:\/\/letteraturadiviaggio.it\/es\/wp-json\/wp\/v2\/media?parent=1014"}],"curies":[{"name":"wp","href":"https:\/\/api.w.org\/{rel}","templated":true}]}}