{"id":1001,"date":"2025-03-06T15:58:14","date_gmt":"2025-03-06T15:58:14","guid":{"rendered":"https:\/\/letteraturadiviaggio.it\/speciales\/"},"modified":"2026-01-22T13:12:47","modified_gmt":"2026-01-22T13:12:47","slug":"speciales","status":"publish","type":"page","link":"https:\/\/letteraturadiviaggio.it\/fr\/speciales\/","title":{"rendered":"Sp\u00e9ciales"},"content":{"rendered":"\t\t<div data-elementor-type=\"wp-page\" data-elementor-id=\"1001\" class=\"elementor elementor-1001 elementor-260\" data-elementor-post-type=\"page\">\n\t\t\t\t<div class=\"elementor-element elementor-element-b19719c e-flex e-con-boxed e-con e-parent\" data-id=\"b19719c\" data-element_type=\"container\">\n\t\t\t\t\t<div class=\"e-con-inner\">\n\t\t\t\t<div class=\"elementor-element elementor-element-299a16c elementor-widget__width-initial elementor-widget elementor-widget-heading\" data-id=\"299a16c\" data-element_type=\"widget\" data-widget_type=\"heading.default\">\n\t\t\t\t<div class=\"elementor-widget-container\">\n\t\t\t\t\t<h2 class=\"elementor-heading-title elementor-size-default\">Sp\u00e9ciales<\/h2>\t\t\t\t<\/div>\n\t\t\t\t<\/div>\n\t\t\t\t\t<\/div>\n\t\t\t\t<\/div>\n\t\t<div class=\"elementor-element elementor-element-21d80fb e-flex e-con-boxed e-con e-parent\" data-id=\"21d80fb\" data-element_type=\"container\">\n\t\t\t\t\t<div class=\"e-con-inner\">\n\t\t<div class=\"elementor-element elementor-element-e895d63 e-con-full e-flex e-con e-child\" data-id=\"e895d63\" data-element_type=\"container\">\n\t\t\t\t<div class=\"elementor-element elementor-element-9a4e20b elementor-widget elementor-widget-shortcode\" data-id=\"9a4e20b\" data-element_type=\"widget\" data-widget_type=\"shortcode.default\">\n\t\t\t\t<div class=\"elementor-widget-container\">\n\t\t\t\t\t\t\t<div class=\"elementor-shortcode\"><div style=\"position: relative;\"><video id=\"video_69dc394f9b8a0\" class=\"video-js vjs-fluid\" controls preload=\"auto\"><\/video><\/div><\/div>\n\t\t\t\t\t\t<\/div>\n\t\t\t\t<\/div>\n\t\t\t\t<div class=\"elementor-element elementor-element-c4f0968 elementor-widget elementor-widget-text-editor\" data-id=\"c4f0968\" data-element_type=\"widget\" data-widget_type=\"text-editor.default\">\n\t\t\t\t<div class=\"elementor-widget-container\">\n\t\t\t\t\t\t\t\t\t<p>Sp\u00e9cial 1er jour<\/p>\t\t\t\t\t\t\t\t<\/div>\n\t\t\t\t<\/div>\n\t\t\t\t<\/div>\n\t\t<div class=\"elementor-element elementor-element-8cbdc48 e-con-full e-flex e-con e-child\" data-id=\"8cbdc48\" data-element_type=\"container\">\n\t\t\t\t<div class=\"elementor-element elementor-element-cf5f4c8 elementor-widget elementor-widget-shortcode\" data-id=\"cf5f4c8\" data-element_type=\"widget\" data-widget_type=\"shortcode.default\">\n\t\t\t\t<div class=\"elementor-widget-container\">\n\t\t\t\t\t\t\t<div class=\"elementor-shortcode\"><div style=\"position: relative;\"><video id=\"video_69dc394f9bbe7\" class=\"video-js vjs-fluid\" controls preload=\"auto\"><\/video><\/div><\/div>\n\t\t\t\t\t\t<\/div>\n\t\t\t\t<\/div>\n\t\t\t\t<div class=\"elementor-element elementor-element-e760665 elementor-widget elementor-widget-text-editor\" data-id=\"e760665\" data-element_type=\"widget\" data-widget_type=\"text-editor.default\">\n\t\t\t\t<div class=\"elementor-widget-container\">\n\t\t\t\t\t\t\t\t\t<p>Sp\u00e9cial 2\u00e8me jour<\/p>\t\t\t\t\t\t\t\t<\/div>\n\t\t\t\t<\/div>\n\t\t\t\t<\/div>\n\t\t\t\t\t<\/div>\n\t\t\t\t<\/div>\n\t\t<div class=\"elementor-element elementor-element-4dbef67 e-flex e-con-boxed e-con e-parent\" data-id=\"4dbef67\" data-element_type=\"container\" data-settings=\"{&quot;background_background&quot;:&quot;classic&quot;}\">\n\t\t\t\t\t<div class=\"e-con-inner\">\n\t\t<div class=\"elementor-element elementor-element-6c73b00 e-con-full e-flex e-con e-child\" data-id=\"6c73b00\" data-element_type=\"container\">\n\t\t\t\t<div class=\"elementor-element elementor-element-d79bf1e elementor-widget elementor-widget-shortcode\" data-id=\"d79bf1e\" data-element_type=\"widget\" data-widget_type=\"shortcode.default\">\n\t\t\t\t<div class=\"elementor-widget-container\">\n\t\t\t\t\t\t\t<div class=\"elementor-shortcode\"><div style=\"position: relative;\"><video id=\"video_69dc394f9bdb0\" class=\"video-js vjs-fluid\" controls preload=\"auto\"><\/video><\/div><\/div>\n\t\t\t\t\t\t<\/div>\n\t\t\t\t<\/div>\n\t\t\t\t<div class=\"elementor-element elementor-element-b9123c0 elementor-widget elementor-widget-text-editor\" data-id=\"b9123c0\" data-element_type=\"widget\" data-widget_type=\"text-editor.default\">\n\t\t\t\t<div class=\"elementor-widget-container\">\n\t\t\t\t\t\t\t\t\t<p>Sp\u00e9cial 3\u00e8me jour<\/p>\t\t\t\t\t\t\t\t<\/div>\n\t\t\t\t<\/div>\n\t\t\t\t<\/div>\n\t\t<div class=\"elementor-element elementor-element-30841ab e-con-full e-flex e-con e-child\" data-id=\"30841ab\" data-element_type=\"container\">\n\t\t\t\t<\/div>\n\t\t\t\t\t<\/div>\n\t\t\t\t<\/div>\n\t\t<div class=\"elementor-element elementor-element-4efbadf e-flex e-con-boxed e-con e-parent\" data-id=\"4efbadf\" data-element_type=\"container\">\n\t\t\t\t\t<div class=\"e-con-inner\">\n\t\t\t\t\t<\/div>\n\t\t\t\t<\/div>\n\t\t\t\t<\/div>\n\t\t","protected":false},"excerpt":{"rendered":"<p>Du 28 au 30 novembre 2024, \u00e0 l&rsquo;Ex Manifattura Tabacchi de Cagliari, le Festival international de la litt\u00e9rature de voyage revient pour sa huiti\u00e8me \u00e9dition. Un \u00e9v\u00e9nement unique c\u00e9l\u00e9brant la fascination de l&rsquo;\u00e9criture et de la lecture li\u00e9e au th\u00e8me du voyage sous toutes ses formes.<\/p>\n","protected":false},"author":1,"featured_media":933,"parent":0,"menu_order":0,"comment_status":"closed","ping_status":"closed","template":"","meta":{"footnotes":""},"class_list":["post-1001","page","type-page","status-publish","has-post-thumbnail","hentry"],"yoast_head":"<!-- This site is optimized with the Yoast SEO plugin v26.7 - https:\/\/yoast.com\/wordpress\/plugins\/seo\/ -->\n<title>Sp\u00e9ciales - Festival Internazionale della Letteratura di viaggio<\/title>\n<meta name=\"robots\" content=\"index, follow, max-snippet:-1, max-image-preview:large, max-video-preview:-1\" \/>\n<link rel=\"canonical\" href=\"https:\/\/letteraturadiviaggio.it\/fr\/speciales\/\" \/>\n<meta property=\"og:locale\" content=\"fr_FR\" \/>\n<meta property=\"og:type\" content=\"article\" \/>\n<meta property=\"og:title\" content=\"Sp\u00e9ciales - Festival Internazionale della Letteratura di viaggio\" \/>\n<meta property=\"og:description\" content=\"Du 28 au 30 novembre 2024, \u00e0 l&#039;Ex Manifattura Tabacchi de Cagliari, le Festival international de la litt\u00e9rature de voyage revient pour sa huiti\u00e8me \u00e9dition. Un \u00e9v\u00e9nement unique c\u00e9l\u00e9brant la fascination de l&#039;\u00e9criture et de la lecture li\u00e9e au th\u00e8me du voyage sous toutes ses formes.\" \/>\n<meta property=\"og:url\" content=\"https:\/\/letteraturadiviaggio.it\/fr\/speciales\/\" \/>\n<meta property=\"og:site_name\" content=\"Festival Internazionale della Letteratura di viaggio\" \/>\n<meta property=\"article:modified_time\" content=\"2026-01-22T13:12:47+00:00\" \/>\n<meta property=\"og:image\" content=\"https:\/\/letteraturadiviaggio.it\/wp-content\/uploads\/2024\/11\/Letteratura-di-viaggio-16.9-1024x576.jpg\" \/>\n<meta name=\"twitter:card\" content=\"summary_large_image\" \/>\n<script type=\"application\/ld+json\" class=\"yoast-schema-graph\">{\"@context\":\"https:\/\/schema.org\",\"@graph\":[{\"@type\":\"WebPage\",\"@id\":\"https:\/\/letteraturadiviaggio.it\/fr\/speciales\/\",\"url\":\"https:\/\/letteraturadiviaggio.it\/fr\/speciales\/\",\"name\":\"Sp\u00e9ciales - Festival Internazionale della Letteratura di viaggio\",\"isPartOf\":{\"@id\":\"https:\/\/letteraturadiviaggio.it\/#website\"},\"primaryImageOfPage\":{\"@id\":\"https:\/\/letteraturadiviaggio.it\/fr\/speciales\/#primaryimage\"},\"image\":{\"@id\":\"https:\/\/letteraturadiviaggio.it\/fr\/speciales\/#primaryimage\"},\"thumbnailUrl\":\"https:\/\/letteraturadiviaggio.it\/wp-content\/uploads\/2024\/11\/Letteratura-di-viaggio-16.9.jpg\",\"datePublished\":\"2025-03-06T15:58:14+00:00\",\"dateModified\":\"2026-01-22T13:12:47+00:00\",\"breadcrumb\":{\"@id\":\"https:\/\/letteraturadiviaggio.it\/fr\/speciales\/#breadcrumb\"},\"inLanguage\":\"fr-FR\",\"potentialAction\":[{\"@type\":\"ReadAction\",\"target\":[\"https:\/\/letteraturadiviaggio.it\/fr\/speciales\/\"]}]},{\"@type\":\"ImageObject\",\"inLanguage\":\"fr-FR\",\"@id\":\"https:\/\/letteraturadiviaggio.it\/fr\/speciales\/#primaryimage\",\"url\":\"https:\/\/letteraturadiviaggio.it\/wp-content\/uploads\/2024\/11\/Letteratura-di-viaggio-16.9.jpg\",\"contentUrl\":\"https:\/\/letteraturadiviaggio.it\/wp-content\/uploads\/2024\/11\/Letteratura-di-viaggio-16.9.jpg\",\"width\":1920,\"height\":1080},{\"@type\":\"BreadcrumbList\",\"@id\":\"https:\/\/letteraturadiviaggio.it\/fr\/speciales\/#breadcrumb\",\"itemListElement\":[{\"@type\":\"ListItem\",\"position\":1,\"name\":\"Home\",\"item\":\"https:\/\/letteraturadiviaggio.it\/\"},{\"@type\":\"ListItem\",\"position\":2,\"name\":\"Sp\u00e9ciales\"}]},{\"@type\":\"WebSite\",\"@id\":\"https:\/\/letteraturadiviaggio.it\/#website\",\"url\":\"https:\/\/letteraturadiviaggio.it\/\",\"name\":\"Festival Internazionale della Letteratura di viaggio\",\"description\":\"\",\"potentialAction\":[{\"@type\":\"SearchAction\",\"target\":{\"@type\":\"EntryPoint\",\"urlTemplate\":\"https:\/\/letteraturadiviaggio.it\/?s={search_term_string}\"},\"query-input\":{\"@type\":\"PropertyValueSpecification\",\"valueRequired\":true,\"valueName\":\"search_term_string\"}}],\"inLanguage\":\"fr-FR\"}]}<\/script>\n<!-- \/ Yoast SEO plugin. -->","yoast_head_json":{"title":"Sp\u00e9ciales - Festival Internazionale della Letteratura di viaggio","robots":{"index":"index","follow":"follow","max-snippet":"max-snippet:-1","max-image-preview":"max-image-preview:large","max-video-preview":"max-video-preview:-1"},"canonical":"https:\/\/letteraturadiviaggio.it\/fr\/speciales\/","og_locale":"fr_FR","og_type":"article","og_title":"Sp\u00e9ciales - Festival Internazionale della Letteratura di viaggio","og_description":"Du 28 au 30 novembre 2024, \u00e0 l'Ex Manifattura Tabacchi de Cagliari, le Festival international de la litt\u00e9rature de voyage revient pour sa huiti\u00e8me \u00e9dition. Un \u00e9v\u00e9nement unique c\u00e9l\u00e9brant la fascination de l'\u00e9criture et de la lecture li\u00e9e au th\u00e8me du voyage sous toutes ses formes.","og_url":"https:\/\/letteraturadiviaggio.it\/fr\/speciales\/","og_site_name":"Festival Internazionale della Letteratura di viaggio","article_modified_time":"2026-01-22T13:12:47+00:00","og_image":[{"url":"https:\/\/letteraturadiviaggio.it\/wp-content\/uploads\/2024\/11\/Letteratura-di-viaggio-16.9-1024x576.jpg","type":"","width":"","height":""}],"twitter_card":"summary_large_image","schema":{"@context":"https:\/\/schema.org","@graph":[{"@type":"WebPage","@id":"https:\/\/letteraturadiviaggio.it\/fr\/speciales\/","url":"https:\/\/letteraturadiviaggio.it\/fr\/speciales\/","name":"Sp\u00e9ciales - Festival Internazionale della Letteratura di viaggio","isPartOf":{"@id":"https:\/\/letteraturadiviaggio.it\/#website"},"primaryImageOfPage":{"@id":"https:\/\/letteraturadiviaggio.it\/fr\/speciales\/#primaryimage"},"image":{"@id":"https:\/\/letteraturadiviaggio.it\/fr\/speciales\/#primaryimage"},"thumbnailUrl":"https:\/\/letteraturadiviaggio.it\/wp-content\/uploads\/2024\/11\/Letteratura-di-viaggio-16.9.jpg","datePublished":"2025-03-06T15:58:14+00:00","dateModified":"2026-01-22T13:12:47+00:00","breadcrumb":{"@id":"https:\/\/letteraturadiviaggio.it\/fr\/speciales\/#breadcrumb"},"inLanguage":"fr-FR","potentialAction":[{"@type":"ReadAction","target":["https:\/\/letteraturadiviaggio.it\/fr\/speciales\/"]}]},{"@type":"ImageObject","inLanguage":"fr-FR","@id":"https:\/\/letteraturadiviaggio.it\/fr\/speciales\/#primaryimage","url":"https:\/\/letteraturadiviaggio.it\/wp-content\/uploads\/2024\/11\/Letteratura-di-viaggio-16.9.jpg","contentUrl":"https:\/\/letteraturadiviaggio.it\/wp-content\/uploads\/2024\/11\/Letteratura-di-viaggio-16.9.jpg","width":1920,"height":1080},{"@type":"BreadcrumbList","@id":"https:\/\/letteraturadiviaggio.it\/fr\/speciales\/#breadcrumb","itemListElement":[{"@type":"ListItem","position":1,"name":"Home","item":"https:\/\/letteraturadiviaggio.it\/"},{"@type":"ListItem","position":2,"name":"Sp\u00e9ciales"}]},{"@type":"WebSite","@id":"https:\/\/letteraturadiviaggio.it\/#website","url":"https:\/\/letteraturadiviaggio.it\/","name":"Festival Internazionale della Letteratura di viaggio","description":"","potentialAction":[{"@type":"SearchAction","target":{"@type":"EntryPoint","urlTemplate":"https:\/\/letteraturadiviaggio.it\/?s={search_term_string}"},"query-input":{"@type":"PropertyValueSpecification","valueRequired":true,"valueName":"search_term_string"}}],"inLanguage":"fr-FR"}]}},"_links":{"self":[{"href":"https:\/\/letteraturadiviaggio.it\/fr\/wp-json\/wp\/v2\/pages\/1001","targetHints":{"allow":["GET"]}}],"collection":[{"href":"https:\/\/letteraturadiviaggio.it\/fr\/wp-json\/wp\/v2\/pages"}],"about":[{"href":"https:\/\/letteraturadiviaggio.it\/fr\/wp-json\/wp\/v2\/types\/page"}],"author":[{"embeddable":true,"href":"https:\/\/letteraturadiviaggio.it\/fr\/wp-json\/wp\/v2\/users\/1"}],"replies":[{"embeddable":true,"href":"https:\/\/letteraturadiviaggio.it\/fr\/wp-json\/wp\/v2\/comments?post=1001"}],"version-history":[{"count":1,"href":"https:\/\/letteraturadiviaggio.it\/fr\/wp-json\/wp\/v2\/pages\/1001\/revisions"}],"predecessor-version":[{"id":1002,"href":"https:\/\/letteraturadiviaggio.it\/fr\/wp-json\/wp\/v2\/pages\/1001\/revisions\/1002"}],"wp:featuredmedia":[{"embeddable":true,"href":"https:\/\/letteraturadiviaggio.it\/fr\/wp-json\/wp\/v2\/media\/933"}],"wp:attachment":[{"href":"https:\/\/letteraturadiviaggio.it\/fr\/wp-json\/wp\/v2\/media?parent=1001"}],"curies":[{"name":"wp","href":"https:\/\/api.w.org\/{rel}","templated":true}]}}