{"id":1011,"date":"2025-03-05T10:41:38","date_gmt":"2025-03-05T10:41:38","guid":{"rendered":"https:\/\/letteraturadiviaggio.it\/rencontres\/"},"modified":"2026-01-22T13:13:07","modified_gmt":"2026-01-22T13:13:07","slug":"rencontres","status":"publish","type":"page","link":"https:\/\/letteraturadiviaggio.it\/fr\/rencontres\/","title":{"rendered":"Rencontres"},"content":{"rendered":"\t\t<div data-elementor-type=\"wp-page\" data-elementor-id=\"1011\" class=\"elementor elementor-1011 elementor-216\" data-elementor-post-type=\"page\">\n\t\t\t\t<div class=\"elementor-element elementor-element-b19719c e-flex e-con-boxed e-con e-parent\" data-id=\"b19719c\" data-element_type=\"container\">\n\t\t\t\t\t<div class=\"e-con-inner\">\n\t\t\t\t<div class=\"elementor-element elementor-element-299a16c elementor-widget__width-initial elementor-widget elementor-widget-heading\" data-id=\"299a16c\" data-element_type=\"widget\" data-widget_type=\"heading.default\">\n\t\t\t\t<div class=\"elementor-widget-container\">\n\t\t\t\t\t<h2 class=\"elementor-heading-title elementor-size-default\">INTERVENTIONS<\/h2>\t\t\t\t<\/div>\n\t\t\t\t<\/div>\n\t\t\t\t\t<\/div>\n\t\t\t\t<\/div>\n\t\t<div class=\"elementor-element elementor-element-21d80fb e-flex e-con-boxed e-con e-parent\" data-id=\"21d80fb\" data-element_type=\"container\">\n\t\t\t\t\t<div class=\"e-con-inner\">\n\t\t<div class=\"elementor-element elementor-element-e895d63 e-con-full e-flex e-con e-child\" data-id=\"e895d63\" data-element_type=\"container\">\n\t\t\t\t<div class=\"elementor-element elementor-element-9a4e20b elementor-widget elementor-widget-shortcode\" data-id=\"9a4e20b\" data-element_type=\"widget\" data-widget_type=\"shortcode.default\">\n\t\t\t\t<div class=\"elementor-widget-container\">\n\t\t\t\t\t\t\t<div class=\"elementor-shortcode\"><div style=\"position: relative;\"><video id=\"video_69dc51961b122\" class=\"video-js vjs-fluid\" controls preload=\"auto\"><\/video><\/div><\/div>\n\t\t\t\t\t\t<\/div>\n\t\t\t\t<\/div>\n\t\t\t\t<div class=\"elementor-element elementor-element-c4f0968 elementor-widget elementor-widget-text-editor\" data-id=\"c4f0968\" data-element_type=\"widget\" data-widget_type=\"text-editor.default\">\n\t\t\t\t<div class=\"elementor-widget-container\">\n\t\t\t\t\t\t\t\t\t<p>Alessandro Di Battista \u00ab\u00a0Scomode verit\u00e0\u00a0\u00bb &#8211; dialogue avec Raimondo Schiavone et Virginia Saba<\/p>\t\t\t\t\t\t\t\t<\/div>\n\t\t\t\t<\/div>\n\t\t\t\t<\/div>\n\t\t<div class=\"elementor-element elementor-element-8cbdc48 e-con-full e-flex e-con e-child\" data-id=\"8cbdc48\" data-element_type=\"container\">\n\t\t\t\t<div class=\"elementor-element elementor-element-cf5f4c8 elementor-widget elementor-widget-shortcode\" data-id=\"cf5f4c8\" data-element_type=\"widget\" data-widget_type=\"shortcode.default\">\n\t\t\t\t<div class=\"elementor-widget-container\">\n\t\t\t\t\t\t\t<div class=\"elementor-shortcode\"><div style=\"position: relative;\"><video id=\"video_69dc51961b51b\" class=\"video-js vjs-fluid\" controls preload=\"auto\"><\/video><\/div><\/div>\n\t\t\t\t\t\t<\/div>\n\t\t\t\t<\/div>\n\t\t\t\t<div class=\"elementor-element elementor-element-e760665 elementor-widget elementor-widget-text-editor\" data-id=\"e760665\" data-element_type=\"widget\" data-widget_type=\"text-editor.default\">\n\t\t\t\t<div class=\"elementor-widget-container\">\n\t\t\t\t\t\t\t\t\tArt et technique entre IA et quantique : un dialogue entre Marco Ferrante et Giacomo Cao\t\t\t\t\t\t\t\t<\/div>\n\t\t\t\t<\/div>\n\t\t\t\t<\/div>\n\t\t\t\t\t<\/div>\n\t\t\t\t<\/div>\n\t\t<div class=\"elementor-element elementor-element-4dbef67 e-flex e-con-boxed e-con e-parent\" data-id=\"4dbef67\" data-element_type=\"container\" data-settings=\"{&quot;background_background&quot;:&quot;classic&quot;}\">\n\t\t\t\t\t<div class=\"e-con-inner\">\n\t\t<div class=\"elementor-element elementor-element-6c73b00 e-con-full e-flex e-con e-child\" data-id=\"6c73b00\" data-element_type=\"container\">\n\t\t\t\t<div class=\"elementor-element elementor-element-d79bf1e elementor-widget elementor-widget-shortcode\" data-id=\"d79bf1e\" data-element_type=\"widget\" data-widget_type=\"shortcode.default\">\n\t\t\t\t<div class=\"elementor-widget-container\">\n\t\t\t\t\t\t\t<div class=\"elementor-shortcode\"><div style=\"position: relative;\"><video id=\"video_69dc51961b703\" class=\"video-js vjs-fluid\" controls preload=\"auto\"><\/video><\/div><\/div>\n\t\t\t\t\t\t<\/div>\n\t\t\t\t<\/div>\n\t\t\t\t<div class=\"elementor-element elementor-element-b9123c0 elementor-widget elementor-widget-text-editor\" data-id=\"b9123c0\" data-element_type=\"widget\" data-widget_type=\"text-editor.default\">\n\t\t\t\t<div class=\"elementor-widget-container\">\n\t\t\t\t\t\t\t\t\tL&rsquo;\u00e8re de l&rsquo;\u00e9dition num\u00e9rique avec Luigi Contu, Virginia Saba et Raimondo Schiavone\t\t\t\t\t\t\t\t<\/div>\n\t\t\t\t<\/div>\n\t\t\t\t<\/div>\n\t\t<div class=\"elementor-element elementor-element-30841ab e-con-full e-flex e-con e-child\" data-id=\"30841ab\" data-element_type=\"container\">\n\t\t\t\t<div class=\"elementor-element elementor-element-c9623e8 elementor-widget elementor-widget-shortcode\" data-id=\"c9623e8\" data-element_type=\"widget\" data-widget_type=\"shortcode.default\">\n\t\t\t\t<div class=\"elementor-widget-container\">\n\t\t\t\t\t\t\t<div class=\"elementor-shortcode\"><div style=\"position: relative;\"><video id=\"video_69dc51961b90a\" class=\"video-js vjs-fluid\" controls preload=\"auto\"><\/video><\/div><\/div>\n\t\t\t\t\t\t<\/div>\n\t\t\t\t<\/div>\n\t\t\t\t<div class=\"elementor-element elementor-element-9f3c1cc elementor-widget elementor-widget-text-editor\" data-id=\"9f3c1cc\" data-element_type=\"widget\" data-widget_type=\"text-editor.default\">\n\t\t\t\t<div class=\"elementor-widget-container\">\n\t\t\t\t\t\t\t\t\tLitt\u00e9rature, \u00e9criture et voyage avec Edgardo Scott et Marco Ferrante\t\t\t\t\t\t\t\t<\/div>\n\t\t\t\t<\/div>\n\t\t\t\t<\/div>\n\t\t\t\t\t<\/div>\n\t\t\t\t<\/div>\n\t\t<div class=\"elementor-element elementor-element-d2aaefb e-flex e-con-boxed e-con e-parent\" data-id=\"d2aaefb\" data-element_type=\"container\">\n\t\t\t\t\t<div class=\"e-con-inner\">\n\t\t<div class=\"elementor-element elementor-element-5fc1fb7 e-con-full e-flex e-con e-child\" data-id=\"5fc1fb7\" data-element_type=\"container\">\n\t\t\t\t<div class=\"elementor-element elementor-element-5df12b1 elementor-widget elementor-widget-shortcode\" data-id=\"5df12b1\" data-element_type=\"widget\" data-widget_type=\"shortcode.default\">\n\t\t\t\t<div class=\"elementor-widget-container\">\n\t\t\t\t\t\t\t<div class=\"elementor-shortcode\"><div style=\"position: relative;\"><video id=\"video_69dc51961baca\" class=\"video-js vjs-fluid\" controls preload=\"auto\"><\/video><\/div><\/div>\n\t\t\t\t\t\t<\/div>\n\t\t\t\t<\/div>\n\t\t\t\t<div class=\"elementor-element elementor-element-00c4e4b elementor-widget elementor-widget-text-editor\" data-id=\"00c4e4b\" data-element_type=\"widget\" data-widget_type=\"text-editor.default\">\n\t\t\t\t<div class=\"elementor-widget-container\">\n\t\t\t\t\t\t\t\t\tPr\u00e9sentation de \u00ab\u00a0Settembre nero\u00a0\u00bb de Sandro Veronesi\t\t\t\t\t\t\t\t<\/div>\n\t\t\t\t<\/div>\n\t\t\t\t<\/div>\n\t\t<div class=\"elementor-element elementor-element-79e1324 e-con-full e-flex e-con e-child\" data-id=\"79e1324\" data-element_type=\"container\">\n\t\t\t\t<div class=\"elementor-element elementor-element-cd35d56 elementor-widget elementor-widget-shortcode\" data-id=\"cd35d56\" data-element_type=\"widget\" data-widget_type=\"shortcode.default\">\n\t\t\t\t<div class=\"elementor-widget-container\">\n\t\t\t\t\t\t\t<div class=\"elementor-shortcode\"><div style=\"position: relative;\"><video id=\"video_69dc51961bc83\" class=\"video-js vjs-fluid\" controls preload=\"auto\"><\/video><\/div><\/div>\n\t\t\t\t\t\t<\/div>\n\t\t\t\t<\/div>\n\t\t\t\t<div class=\"elementor-element elementor-element-7ea0359 elementor-widget elementor-widget-text-editor\" data-id=\"7ea0359\" data-element_type=\"widget\" data-widget_type=\"text-editor.default\">\n\t\t\t\t<div class=\"elementor-widget-container\">\n\t\t\t\t\t\t\t\t\tRepr\u00e9sentation th\u00e9\u00e2trale \u00ab\u00a0Erano gli anni\u00a0\u00bb de Daniele Congiu\t\t\t\t\t\t\t\t<\/div>\n\t\t\t\t<\/div>\n\t\t\t\t<\/div>\n\t\t\t\t\t<\/div>\n\t\t\t\t<\/div>\n\t\t<div class=\"elementor-element elementor-element-4c2a89b e-flex e-con-boxed e-con e-parent\" data-id=\"4c2a89b\" data-element_type=\"container\" data-settings=\"{&quot;background_background&quot;:&quot;classic&quot;}\">\n\t\t\t\t\t<div class=\"e-con-inner\">\n\t\t<div class=\"elementor-element elementor-element-54a1cc1 e-con-full e-flex e-con e-child\" data-id=\"54a1cc1\" data-element_type=\"container\">\n\t\t\t\t<div class=\"elementor-element elementor-element-5e65c48 elementor-widget elementor-widget-shortcode\" data-id=\"5e65c48\" data-element_type=\"widget\" data-widget_type=\"shortcode.default\">\n\t\t\t\t<div class=\"elementor-widget-container\">\n\t\t\t\t\t\t\t<div class=\"elementor-shortcode\"><div style=\"position: relative;\"><video id=\"video_69dc51961be36\" class=\"video-js vjs-fluid\" controls preload=\"auto\"><\/video><\/div><\/div>\n\t\t\t\t\t\t<\/div>\n\t\t\t\t<\/div>\n\t\t\t\t<div class=\"elementor-element elementor-element-d0a729b elementor-widget elementor-widget-text-editor\" data-id=\"d0a729b\" data-element_type=\"widget\" data-widget_type=\"text-editor.default\">\n\t\t\t\t<div class=\"elementor-widget-container\">\n\t\t\t\t\t\t\t\t\tPaolo Ciampi pr\u00e9sente \u00ab\u00a0Le p\u00e8re de Pinocchio\t\t\t\t\t\t\t\t<\/div>\n\t\t\t\t<\/div>\n\t\t\t\t<\/div>\n\t\t<div class=\"elementor-element elementor-element-3f677d6 e-con-full e-flex e-con e-child\" data-id=\"3f677d6\" data-element_type=\"container\">\n\t\t\t\t<div class=\"elementor-element elementor-element-00cbf1d elementor-widget elementor-widget-shortcode\" data-id=\"00cbf1d\" data-element_type=\"widget\" data-widget_type=\"shortcode.default\">\n\t\t\t\t<div class=\"elementor-widget-container\">\n\t\t\t\t\t\t\t<div class=\"elementor-shortcode\"><div style=\"position: relative;\"><video id=\"video_69dc51961bfeb\" class=\"video-js vjs-fluid\" controls preload=\"auto\"><\/video><\/div><\/div>\n\t\t\t\t\t\t<\/div>\n\t\t\t\t<\/div>\n\t\t\t\t<div class=\"elementor-element elementor-element-0789327 elementor-widget elementor-widget-text-editor\" data-id=\"0789327\" data-element_type=\"widget\" data-widget_type=\"text-editor.default\">\n\t\t\t\t<div class=\"elementor-widget-container\">\n\t\t\t\t\t\t\t\t\tDe Mare Fuori \u00e0 Forse un altro, avec Michele Zatta et Vincenzo Ferrera\t\t\t\t\t\t\t\t<\/div>\n\t\t\t\t<\/div>\n\t\t\t\t<\/div>\n\t\t\t\t\t<\/div>\n\t\t\t\t<\/div>\n\t\t<div class=\"elementor-element elementor-element-e352ec6 e-flex e-con-boxed e-con e-parent\" data-id=\"e352ec6\" data-element_type=\"container\">\n\t\t\t\t\t<div class=\"e-con-inner\">\n\t\t<div class=\"elementor-element elementor-element-2703833 e-con-full e-flex e-con e-child\" data-id=\"2703833\" data-element_type=\"container\">\n\t\t\t\t<div class=\"elementor-element elementor-element-73f0d56 elementor-widget elementor-widget-shortcode\" data-id=\"73f0d56\" data-element_type=\"widget\" data-widget_type=\"shortcode.default\">\n\t\t\t\t<div class=\"elementor-widget-container\">\n\t\t\t\t\t\t\t<div class=\"elementor-shortcode\"><div style=\"position: relative;\"><video id=\"video_69dc51961c196\" class=\"video-js vjs-fluid\" controls preload=\"auto\"><\/video><\/div><\/div>\n\t\t\t\t\t\t<\/div>\n\t\t\t\t<\/div>\n\t\t\t\t<div class=\"elementor-element elementor-element-8c55cdb elementor-widget elementor-widget-text-editor\" data-id=\"8c55cdb\" data-element_type=\"widget\" data-widget_type=\"text-editor.default\">\n\t\t\t\t<div class=\"elementor-widget-container\">\n\t\t\t\t\t\t\t\t\tFrancesca Fagnani \u00ab\u00a0Voyage parmi les b\u00eates\u00a0\u00bb, en dialogue avec Virginia Saba\t\t\t\t\t\t\t\t<\/div>\n\t\t\t\t<\/div>\n\t\t\t\t<\/div>\n\t\t<div class=\"elementor-element elementor-element-8f433ce e-con-full e-flex e-con e-child\" data-id=\"8f433ce\" data-element_type=\"container\">\n\t\t\t\t<div class=\"elementor-element elementor-element-9537832 elementor-widget elementor-widget-shortcode\" data-id=\"9537832\" data-element_type=\"widget\" data-widget_type=\"shortcode.default\">\n\t\t\t\t<div class=\"elementor-widget-container\">\n\t\t\t\t\t\t\t<div class=\"elementor-shortcode\"><div style=\"position: relative;\"><video id=\"video_69dc51961c345\" class=\"video-js vjs-fluid\" controls preload=\"auto\"><\/video><\/div><\/div>\n\t\t\t\t\t\t<\/div>\n\t\t\t\t<\/div>\n\t\t\t\t<div class=\"elementor-element elementor-element-1fa15e0 elementor-widget elementor-widget-text-editor\" data-id=\"1fa15e0\" data-element_type=\"widget\" data-widget_type=\"text-editor.default\">\n\t\t\t\t<div class=\"elementor-widget-container\">\n\t\t\t\t\t\t\t\t\tElena Rui et Romina Casagrande dialoguent avec Angelica Grivel Serra\t\t\t\t\t\t\t\t<\/div>\n\t\t\t\t<\/div>\n\t\t\t\t<\/div>\n\t\t\t\t\t<\/div>\n\t\t\t\t<\/div>\n\t\t<div class=\"elementor-element elementor-element-dd56764 e-flex e-con-boxed e-con e-parent\" data-id=\"dd56764\" data-element_type=\"container\" data-settings=\"{&quot;background_background&quot;:&quot;classic&quot;}\">\n\t\t\t\t\t<div class=\"e-con-inner\">\n\t\t<div class=\"elementor-element elementor-element-f9fa5e6 e-con-full e-flex e-con e-child\" data-id=\"f9fa5e6\" data-element_type=\"container\">\n\t\t\t\t<div class=\"elementor-element elementor-element-aaaf651 elementor-widget elementor-widget-shortcode\" data-id=\"aaaf651\" data-element_type=\"widget\" data-widget_type=\"shortcode.default\">\n\t\t\t\t<div class=\"elementor-widget-container\">\n\t\t\t\t\t\t\t<div class=\"elementor-shortcode\"><div style=\"position: relative;\"><video id=\"video_69dc51961c4ef\" class=\"video-js vjs-fluid\" controls preload=\"auto\"><\/video><\/div><\/div>\n\t\t\t\t\t\t<\/div>\n\t\t\t\t<\/div>\n\t\t\t\t<div class=\"elementor-element elementor-element-6abfd27 elementor-widget elementor-widget-text-editor\" data-id=\"6abfd27\" data-element_type=\"widget\" data-widget_type=\"text-editor.default\">\n\t\t\t\t<div class=\"elementor-widget-container\">\n\t\t\t\t\t\t\t\t\tVeronica Gentili s&rsquo;entretient avec Virginia Saba\t\t\t\t\t\t\t\t<\/div>\n\t\t\t\t<\/div>\n\t\t\t\t<\/div>\n\t\t<div class=\"elementor-element elementor-element-124aeda e-con-full e-flex e-con e-child\" data-id=\"124aeda\" data-element_type=\"container\">\n\t\t\t\t<div class=\"elementor-element elementor-element-77db8e1 elementor-widget elementor-widget-shortcode\" data-id=\"77db8e1\" data-element_type=\"widget\" data-widget_type=\"shortcode.default\">\n\t\t\t\t<div class=\"elementor-widget-container\">\n\t\t\t\t\t\t\t<div class=\"elementor-shortcode\"><div style=\"position: relative;\"><video id=\"video_69dc51961c69e\" class=\"video-js vjs-fluid\" controls preload=\"auto\"><\/video><\/div><\/div>\n\t\t\t\t\t\t<\/div>\n\t\t\t\t<\/div>\n\t\t\t\t<div class=\"elementor-element elementor-element-720e0c2 elementor-widget elementor-widget-text-editor\" data-id=\"720e0c2\" data-element_type=\"widget\" data-widget_type=\"text-editor.default\">\n\t\t\t\t<div class=\"elementor-widget-container\">\n\t\t\t\t\t\t\t\t\tDiego De Silva s&rsquo;entretient avec Silvia Grassi\t\t\t\t\t\t\t\t<\/div>\n\t\t\t\t<\/div>\n\t\t\t\t<\/div>\n\t\t\t\t\t<\/div>\n\t\t\t\t<\/div>\n\t\t<div class=\"elementor-element elementor-element-6cfcda4 e-flex e-con-boxed e-con e-parent\" data-id=\"6cfcda4\" data-element_type=\"container\">\n\t\t\t\t\t<div class=\"e-con-inner\">\n\t\t<div class=\"elementor-element elementor-element-fd09337 e-con-full e-flex e-con e-child\" data-id=\"fd09337\" data-element_type=\"container\">\n\t\t\t\t<div class=\"elementor-element elementor-element-0f21ef3 elementor-widget elementor-widget-shortcode\" data-id=\"0f21ef3\" data-element_type=\"widget\" data-widget_type=\"shortcode.default\">\n\t\t\t\t<div class=\"elementor-widget-container\">\n\t\t\t\t\t\t\t<div class=\"elementor-shortcode\"><div style=\"position: relative;\"><video id=\"video_69dc51961c848\" class=\"video-js vjs-fluid\" controls preload=\"auto\"><\/video><\/div><\/div>\n\t\t\t\t\t\t<\/div>\n\t\t\t\t<\/div>\n\t\t\t\t<div class=\"elementor-element elementor-element-28be7bb elementor-widget elementor-widget-text-editor\" data-id=\"28be7bb\" data-element_type=\"widget\" data-widget_type=\"text-editor.default\">\n\t\t\t\t<div class=\"elementor-widget-container\">\n\t\t\t\t\t\t\t\t\tAntonella Lattanzi pr\u00e9sente \u00ab\u00a0Cose che non si raccontano\u00a0\u00bb (Choses qui ne sont pas racont\u00e9es)\t\t\t\t\t\t\t\t<\/div>\n\t\t\t\t<\/div>\n\t\t\t\t<\/div>\n\t\t<div class=\"elementor-element elementor-element-8271cb4 e-con-full e-flex e-con e-child\" data-id=\"8271cb4\" data-element_type=\"container\">\n\t\t\t\t<\/div>\n\t\t\t\t\t<\/div>\n\t\t\t\t<\/div>\n\t\t<div class=\"elementor-element elementor-element-4efbadf e-flex e-con-boxed e-con e-parent\" data-id=\"4efbadf\" data-element_type=\"container\">\n\t\t\t\t\t<div class=\"e-con-inner\">\n\t\t\t\t\t<\/div>\n\t\t\t\t<\/div>\n\t\t\t\t<\/div>\n\t\t","protected":false},"excerpt":{"rendered":"<p>Du 28 au 30 novembre 2024, \u00e0 l&rsquo;Ex Manifattura Tabacchi de Cagliari, le Festival international de la litt\u00e9rature de voyage revient pour sa huiti\u00e8me \u00e9dition. Un \u00e9v\u00e9nement unique c\u00e9l\u00e9brant la fascination de l&rsquo;\u00e9criture et de la lecture li\u00e9e au th\u00e8me du voyage sous toutes ses formes.<\/p>\n","protected":false},"author":1,"featured_media":933,"parent":0,"menu_order":0,"comment_status":"closed","ping_status":"closed","template":"","meta":{"footnotes":""},"class_list":["post-1011","page","type-page","status-publish","has-post-thumbnail","hentry"],"yoast_head":"<!-- This site is optimized with the Yoast SEO plugin v26.7 - https:\/\/yoast.com\/wordpress\/plugins\/seo\/ -->\n<title>Rencontres - Festival Internazionale della Letteratura di viaggio<\/title>\n<meta name=\"robots\" content=\"index, follow, max-snippet:-1, max-image-preview:large, max-video-preview:-1\" \/>\n<link rel=\"canonical\" href=\"https:\/\/letteraturadiviaggio.it\/fr\/rencontres\/\" \/>\n<meta property=\"og:locale\" content=\"fr_FR\" \/>\n<meta property=\"og:type\" content=\"article\" \/>\n<meta property=\"og:title\" content=\"Rencontres - Festival Internazionale della Letteratura di viaggio\" \/>\n<meta property=\"og:description\" content=\"Du 28 au 30 novembre 2024, \u00e0 l&#039;Ex Manifattura Tabacchi de Cagliari, le Festival international de la litt\u00e9rature de voyage revient pour sa huiti\u00e8me \u00e9dition. Un \u00e9v\u00e9nement unique c\u00e9l\u00e9brant la fascination de l&#039;\u00e9criture et de la lecture li\u00e9e au th\u00e8me du voyage sous toutes ses formes.\" \/>\n<meta property=\"og:url\" content=\"https:\/\/letteraturadiviaggio.it\/fr\/rencontres\/\" \/>\n<meta property=\"og:site_name\" content=\"Festival Internazionale della Letteratura di viaggio\" \/>\n<meta property=\"article:modified_time\" content=\"2026-01-22T13:13:07+00:00\" \/>\n<meta property=\"og:image\" content=\"https:\/\/letteraturadiviaggio.it\/wp-content\/uploads\/2024\/11\/Letteratura-di-viaggio-16.9-1024x576.jpg\" \/>\n<meta name=\"twitter:card\" content=\"summary_large_image\" \/>\n<meta name=\"twitter:label1\" content=\"Dur\u00e9e de lecture estim\u00e9e\" \/>\n\t<meta name=\"twitter:data1\" content=\"2 minutes\" \/>\n<script type=\"application\/ld+json\" class=\"yoast-schema-graph\">{\"@context\":\"https:\/\/schema.org\",\"@graph\":[{\"@type\":\"WebPage\",\"@id\":\"https:\/\/letteraturadiviaggio.it\/fr\/rencontres\/\",\"url\":\"https:\/\/letteraturadiviaggio.it\/fr\/rencontres\/\",\"name\":\"Rencontres - Festival Internazionale della Letteratura di viaggio\",\"isPartOf\":{\"@id\":\"https:\/\/letteraturadiviaggio.it\/#website\"},\"primaryImageOfPage\":{\"@id\":\"https:\/\/letteraturadiviaggio.it\/fr\/rencontres\/#primaryimage\"},\"image\":{\"@id\":\"https:\/\/letteraturadiviaggio.it\/fr\/rencontres\/#primaryimage\"},\"thumbnailUrl\":\"https:\/\/letteraturadiviaggio.it\/wp-content\/uploads\/2024\/11\/Letteratura-di-viaggio-16.9.jpg\",\"datePublished\":\"2025-03-05T10:41:38+00:00\",\"dateModified\":\"2026-01-22T13:13:07+00:00\",\"breadcrumb\":{\"@id\":\"https:\/\/letteraturadiviaggio.it\/fr\/rencontres\/#breadcrumb\"},\"inLanguage\":\"fr-FR\",\"potentialAction\":[{\"@type\":\"ReadAction\",\"target\":[\"https:\/\/letteraturadiviaggio.it\/fr\/rencontres\/\"]}]},{\"@type\":\"ImageObject\",\"inLanguage\":\"fr-FR\",\"@id\":\"https:\/\/letteraturadiviaggio.it\/fr\/rencontres\/#primaryimage\",\"url\":\"https:\/\/letteraturadiviaggio.it\/wp-content\/uploads\/2024\/11\/Letteratura-di-viaggio-16.9.jpg\",\"contentUrl\":\"https:\/\/letteraturadiviaggio.it\/wp-content\/uploads\/2024\/11\/Letteratura-di-viaggio-16.9.jpg\",\"width\":1920,\"height\":1080},{\"@type\":\"BreadcrumbList\",\"@id\":\"https:\/\/letteraturadiviaggio.it\/fr\/rencontres\/#breadcrumb\",\"itemListElement\":[{\"@type\":\"ListItem\",\"position\":1,\"name\":\"Home\",\"item\":\"https:\/\/letteraturadiviaggio.it\/\"},{\"@type\":\"ListItem\",\"position\":2,\"name\":\"Rencontres\"}]},{\"@type\":\"WebSite\",\"@id\":\"https:\/\/letteraturadiviaggio.it\/#website\",\"url\":\"https:\/\/letteraturadiviaggio.it\/\",\"name\":\"Festival Internazionale della Letteratura di viaggio\",\"description\":\"\",\"potentialAction\":[{\"@type\":\"SearchAction\",\"target\":{\"@type\":\"EntryPoint\",\"urlTemplate\":\"https:\/\/letteraturadiviaggio.it\/?s={search_term_string}\"},\"query-input\":{\"@type\":\"PropertyValueSpecification\",\"valueRequired\":true,\"valueName\":\"search_term_string\"}}],\"inLanguage\":\"fr-FR\"}]}<\/script>\n<!-- \/ Yoast SEO plugin. -->","yoast_head_json":{"title":"Rencontres - Festival Internazionale della Letteratura di viaggio","robots":{"index":"index","follow":"follow","max-snippet":"max-snippet:-1","max-image-preview":"max-image-preview:large","max-video-preview":"max-video-preview:-1"},"canonical":"https:\/\/letteraturadiviaggio.it\/fr\/rencontres\/","og_locale":"fr_FR","og_type":"article","og_title":"Rencontres - Festival Internazionale della Letteratura di viaggio","og_description":"Du 28 au 30 novembre 2024, \u00e0 l'Ex Manifattura Tabacchi de Cagliari, le Festival international de la litt\u00e9rature de voyage revient pour sa huiti\u00e8me \u00e9dition. Un \u00e9v\u00e9nement unique c\u00e9l\u00e9brant la fascination de l'\u00e9criture et de la lecture li\u00e9e au th\u00e8me du voyage sous toutes ses formes.","og_url":"https:\/\/letteraturadiviaggio.it\/fr\/rencontres\/","og_site_name":"Festival Internazionale della Letteratura di viaggio","article_modified_time":"2026-01-22T13:13:07+00:00","og_image":[{"url":"https:\/\/letteraturadiviaggio.it\/wp-content\/uploads\/2024\/11\/Letteratura-di-viaggio-16.9-1024x576.jpg","type":"","width":"","height":""}],"twitter_card":"summary_large_image","twitter_misc":{"Dur\u00e9e de lecture estim\u00e9e":"2 minutes"},"schema":{"@context":"https:\/\/schema.org","@graph":[{"@type":"WebPage","@id":"https:\/\/letteraturadiviaggio.it\/fr\/rencontres\/","url":"https:\/\/letteraturadiviaggio.it\/fr\/rencontres\/","name":"Rencontres - Festival Internazionale della Letteratura di viaggio","isPartOf":{"@id":"https:\/\/letteraturadiviaggio.it\/#website"},"primaryImageOfPage":{"@id":"https:\/\/letteraturadiviaggio.it\/fr\/rencontres\/#primaryimage"},"image":{"@id":"https:\/\/letteraturadiviaggio.it\/fr\/rencontres\/#primaryimage"},"thumbnailUrl":"https:\/\/letteraturadiviaggio.it\/wp-content\/uploads\/2024\/11\/Letteratura-di-viaggio-16.9.jpg","datePublished":"2025-03-05T10:41:38+00:00","dateModified":"2026-01-22T13:13:07+00:00","breadcrumb":{"@id":"https:\/\/letteraturadiviaggio.it\/fr\/rencontres\/#breadcrumb"},"inLanguage":"fr-FR","potentialAction":[{"@type":"ReadAction","target":["https:\/\/letteraturadiviaggio.it\/fr\/rencontres\/"]}]},{"@type":"ImageObject","inLanguage":"fr-FR","@id":"https:\/\/letteraturadiviaggio.it\/fr\/rencontres\/#primaryimage","url":"https:\/\/letteraturadiviaggio.it\/wp-content\/uploads\/2024\/11\/Letteratura-di-viaggio-16.9.jpg","contentUrl":"https:\/\/letteraturadiviaggio.it\/wp-content\/uploads\/2024\/11\/Letteratura-di-viaggio-16.9.jpg","width":1920,"height":1080},{"@type":"BreadcrumbList","@id":"https:\/\/letteraturadiviaggio.it\/fr\/rencontres\/#breadcrumb","itemListElement":[{"@type":"ListItem","position":1,"name":"Home","item":"https:\/\/letteraturadiviaggio.it\/"},{"@type":"ListItem","position":2,"name":"Rencontres"}]},{"@type":"WebSite","@id":"https:\/\/letteraturadiviaggio.it\/#website","url":"https:\/\/letteraturadiviaggio.it\/","name":"Festival Internazionale della Letteratura di viaggio","description":"","potentialAction":[{"@type":"SearchAction","target":{"@type":"EntryPoint","urlTemplate":"https:\/\/letteraturadiviaggio.it\/?s={search_term_string}"},"query-input":{"@type":"PropertyValueSpecification","valueRequired":true,"valueName":"search_term_string"}}],"inLanguage":"fr-FR"}]}},"_links":{"self":[{"href":"https:\/\/letteraturadiviaggio.it\/fr\/wp-json\/wp\/v2\/pages\/1011","targetHints":{"allow":["GET"]}}],"collection":[{"href":"https:\/\/letteraturadiviaggio.it\/fr\/wp-json\/wp\/v2\/pages"}],"about":[{"href":"https:\/\/letteraturadiviaggio.it\/fr\/wp-json\/wp\/v2\/types\/page"}],"author":[{"embeddable":true,"href":"https:\/\/letteraturadiviaggio.it\/fr\/wp-json\/wp\/v2\/users\/1"}],"replies":[{"embeddable":true,"href":"https:\/\/letteraturadiviaggio.it\/fr\/wp-json\/wp\/v2\/comments?post=1011"}],"version-history":[{"count":1,"href":"https:\/\/letteraturadiviaggio.it\/fr\/wp-json\/wp\/v2\/pages\/1011\/revisions"}],"predecessor-version":[{"id":1012,"href":"https:\/\/letteraturadiviaggio.it\/fr\/wp-json\/wp\/v2\/pages\/1011\/revisions\/1012"}],"wp:featuredmedia":[{"embeddable":true,"href":"https:\/\/letteraturadiviaggio.it\/fr\/wp-json\/wp\/v2\/media\/933"}],"wp:attachment":[{"href":"https:\/\/letteraturadiviaggio.it\/fr\/wp-json\/wp\/v2\/media?parent=1011"}],"curies":[{"name":"wp","href":"https:\/\/api.w.org\/{rel}","templated":true}]}}